{"id":825,"date":"2022-11-11T09:16:04","date_gmt":"2022-11-11T08:16:04","guid":{"rendered":"http:\/\/serendrelavieplusdouce.fr\/?page_id=825"},"modified":"2023-02-23T08:14:40","modified_gmt":"2023-02-23T07:14:40","slug":"les-eclairages-puissants-de-la-feuille-de-travail-2","status":"publish","type":"page","link":"https:\/\/serendrelavieplusdouce.fr\/?page_id=825","title":{"rendered":"Atelier : les \u00e9clairages puissants de la feuille de Travail"},"content":{"rendered":"\n<p><strong>Atelier \u00e0 th\u00e8me : r\u00e9serv\u00e9 aux personnes qui ont d\u00e9j\u00e0 particip\u00e9 au moins une fois \u00e0 l&rsquo;atelier d\u00e9couverte<\/strong>.<br><strong>Vous pouvez participer \u00e0 plusieurs reprises \u00e0 cet atelier, vous pourrez travailler chaque fois sur une situation diff\u00e9rente de votre vie.<\/strong><\/p>\n\n\n\n<div class=\"wp-block-columns is-layout-flex wp-container-core-columns-is-layout-28f84493 wp-block-columns-is-layout-flex\">\n<div class=\"wp-block-column is-layout-flow wp-block-column-is-layout-flow\">\n<figure class=\"wp-block-image size-full is-resized\"><img loading=\"lazy\" decoding=\"async\" src=\"https:\/\/serendrelavieplusdouce.fr\/wp-content\/uploads\/2022\/11\/feuille-de-travail.jpg\" alt=\"\" class=\"wp-image-610\" width=\"256\" height=\"331\"\/><\/figure>\n<\/div>\n\n\n\n<div class=\"wp-block-column is-layout-flow wp-block-column-is-layout-flow\" style=\"flex-basis:45%\">\n<p><strong>La feuille de Travail du Work<\/strong> , c&rsquo;est l&rsquo;occasion d&rsquo;un grand \u00e9clairage et l\u00e2cher de croyances, d&rsquo;un all\u00e9gement ou disparition d&rsquo;un souci .<br>Cela peut agir sur une perturbation r\u00e9currente ou ancienne qui sera abord\u00e9 de diff\u00e9rentes mani\u00e8res.&nbsp;Nous investiguerons nos croyances qui sont la cause de nos souffrances. Lorsque je me  lib\u00e8re de ses croyances, j&rsquo;ai plus de clart\u00e9 pour prendre des d\u00e9cisions, et j&rsquo;am\u00e9liore mes relations avec les autres. <\/p>\n<\/div>\n\n\n\n<div class=\"wp-block-column is-layout-flow wp-block-column-is-layout-flow\" style=\"flex-basis:20%\">\n<figure class=\"wp-block-image size-full is-resized\"><img loading=\"lazy\" decoding=\"async\" src=\"https:\/\/serendrelavieplusdouce.fr\/wp-content\/uploads\/2022\/11\/images-1.jpg\" alt=\"\" class=\"wp-image-808\" width=\"322\" height=\"322\" srcset=\"https:\/\/serendrelavieplusdouce.fr\/wp-content\/uploads\/2022\/11\/images-1.jpg 225w, https:\/\/serendrelavieplusdouce.fr\/wp-content\/uploads\/2022\/11\/images-1-150x150.jpg 150w\" sizes=\"auto, (max-width: 322px) 100vw, 322px\" \/><\/figure>\n<\/div>\n<\/div>\n\n\n\n<p>Dans cet atelier, je vous accompagnerai pour remplir la feuille de travail et vous guiderai pour effectuer le Work sur les diff\u00e9rentes croyances .<\/p>\n\n\n\n<p>Lors des bin\u00f4mes, la pr\u00e9sence soutenante d\u2019une autre personne vous aidera \u00e0 aller plus loin dans l\u2019investigation.<br>Les partages en troisi\u00e8me partie d\u2019atelier pourront vous apporter des \u00e9clairages compl\u00e9mentaires int\u00e9ressants gr\u00e2ce aux diff\u00e9rentes investigations des autres participants, tout cela dans le respect et la bienveillance.<\/p>\n\n\n\n<p><strong>Rappel : il est n\u00e9cessaire d&rsquo;avoir particip\u00e9 au moins une fois \u00e0 l&rsquo;atelier d\u00e9couverte gratuit avant de participer \u00e0 un atelier \u00e0 th\u00e8me<\/strong><br><br><strong>Ces ateliers sont payants :15e la soir\u00e9e ( et \u00e9ventuellement moins si petits moyens financiers).<\/strong><br>L&rsquo;argent ne doit pas \u00eatre un frein, si vous \u00eates en difficult\u00e9 financi\u00e8re,&nbsp; les ateliers peuvent \u00eatre \u00e0 participation r\u00e9duite ou offerts (m\u2019envoyer un mail).<\/p>\n\n\n\n<div class=\"wp-block-columns is-layout-flex wp-container-core-columns-is-layout-28f84493 wp-block-columns-is-layout-flex\">\n<div class=\"wp-block-column is-layout-flow wp-block-column-is-layout-flow\" style=\"flex-basis:50%\">\n<p>L<strong>ien zoom envoy\u00e9 la veille aux personnes inscrites<\/strong><\/p>\n<\/div>\n\n\n\n<div class=\"wp-block-column is-layout-flow wp-block-column-is-layout-flow\">\n<p class=\"has-text-align-right\"><strong>Paiement par virement<\/strong><\/p>\n<\/div>\n\n\n\n<div class=\"wp-block-column is-layout-flow wp-block-column-is-layout-flow\">\n<p> <\/p>\n<\/div>\n<\/div>\n\n\n\n<p class=\"has-background\" style=\"background-color:#eec50b52\"><strong>Atelier 19h-21h45 environ<\/strong> &#8211;<strong>Dur\u00e9e et d\u00e9roul\u00e9 de l&rsquo;atelier<\/strong><\/p>\n\n\n\n<p><strong>S\u00e9quence 1<\/strong>: 1h15 environ en groupe \u00e0 partir de 19h<br><strong>S\u00e9quence 2<\/strong> : 1h au moins de Travail par deux \u00e0 faire entre environ 20h15 et 21h15&nbsp;<br>Je reste disponible pendant la s\u00e9quence n\u00b02 pour vous aider si n\u00e9cessaire<br>Ces facilitations par bin\u00f4me&nbsp;ont lieu avec zoom o\u00f9 je peux vous placer dans de petites salles \u00e0 deux<br><strong>S\u00e9quence 3&nbsp;:&nbsp;<\/strong>retour dans le groupe \u00e0 21h15 pour partage sur vos d\u00e9couvertes, questions, \u00e9changes&nbsp;(environ 30 mn).<br>Fin de l&rsquo;atelier vers 21h45-22h<br><\/p>\n","protected":false},"excerpt":{"rendered":"<p>Atelier \u00e0 th\u00e8me : r\u00e9serv\u00e9 aux personnes qui ont d\u00e9j\u00e0 particip\u00e9 au moins une fois \u00e0 l&rsquo;atelier d\u00e9couverte.Vous pouvez participer \u00e0 plusieurs reprises \u00e0 cet atelier, vous pourrez travailler chaque fois sur une situation diff\u00e9rente de votre vie. La feuille de Travail du Work , c&rsquo;est l&rsquo;occasion d&rsquo;un grand \u00e9clairage et l\u00e2cher de croyances, d&rsquo;un &hellip;<\/p>\n<p class=\"read-more\"> <a class=\"\" href=\"https:\/\/serendrelavieplusdouce.fr\/?page_id=825\"> <span class=\"screen-reader-text\">Atelier : les \u00e9clairages puissants de la feuille de Travail<\/span> Lire la suite\u00a0\u00bb<\/a><\/p>\n","protected":false},"author":1,"featured_media":0,"parent":1250,"menu_order":0,"comment_status":"closed","ping_status":"closed","template":"","meta":{"site-sidebar-layout":"default","site-content-layout":"default","ast-global-header-display":"","ast-banner-title-visibility":"","ast-main-header-display":"","ast-hfb-above-header-display":"","ast-hfb-below-header-display":"","ast-hfb-mobile-header-display":"","site-post-title":"","ast-breadcrumbs-content":"","ast-featured-img":"","footer-sml-layout":"","theme-transparent-header-meta":"","adv-header-id-meta":"","stick-header-meta":"","header-above-stick-meta":"","header-main-stick-meta":"","header-below-stick-meta":"","footnotes":""},"class_list":["post-825","page","type-page","status-publish","hentry"],"_links":{"self":[{"href":"https:\/\/serendrelavieplusdouce.fr\/index.php?rest_route=\/wp\/v2\/pages\/825","targetHints":{"allow":["GET"]}}],"collection":[{"href":"https:\/\/serendrelavieplusdouce.fr\/index.php?rest_route=\/wp\/v2\/pages"}],"about":[{"href":"https:\/\/serendrelavieplusdouce.fr\/index.php?rest_route=\/wp\/v2\/types\/page"}],"author":[{"embeddable":true,"href":"https:\/\/serendrelavieplusdouce.fr\/index.php?rest_route=\/wp\/v2\/users\/1"}],"replies":[{"embeddable":true,"href":"https:\/\/serendrelavieplusdouce.fr\/index.php?rest_route=%2Fwp%2Fv2%2Fcomments&post=825"}],"version-history":[{"count":10,"href":"https:\/\/serendrelavieplusdouce.fr\/index.php?rest_route=\/wp\/v2\/pages\/825\/revisions"}],"predecessor-version":[{"id":1200,"href":"https:\/\/serendrelavieplusdouce.fr\/index.php?rest_route=\/wp\/v2\/pages\/825\/revisions\/1200"}],"up":[{"embeddable":true,"href":"https:\/\/serendrelavieplusdouce.fr\/index.php?rest_route=\/wp\/v2\/pages\/1250"}],"wp:attachment":[{"href":"https:\/\/serendrelavieplusdouce.fr\/index.php?rest_route=%2Fwp%2Fv2%2Fmedia&parent=825"}],"curies":[{"name":"wp","href":"https:\/\/api.w.org\/{rel}","templated":true}]}}