{"id":795,"date":"2022-11-10T19:27:21","date_gmt":"2022-11-10T18:27:21","guid":{"rendered":"http:\/\/serendrelavieplusdouce.fr\/?page_id=795"},"modified":"2023-09-04T05:09:18","modified_gmt":"2023-09-04T03:09:18","slug":"atelier-la-richesse-des-questions-du-work-et-leurs-subtilites","status":"publish","type":"page","link":"https:\/\/serendrelavieplusdouce.fr\/?page_id=795","title":{"rendered":"Atelier : la richesse des questions du Work et leurs subtilit\u00e9s. Facilitation en direct"},"content":{"rendered":"\n<p><strong>Atelier \u00e0 th\u00e8me : r\u00e9serv\u00e9 aux personnes qui ont d\u00e9j\u00e0 particip\u00e9 au moins une fois \u00e0 l&rsquo;atelier d\u00e9couverte<\/strong><\/p>\n\n\n\n<div class=\"wp-block-columns is-layout-flex wp-container-core-columns-is-layout-28f84493 wp-block-columns-is-layout-flex\">\n<div class=\"wp-block-column is-layout-flow wp-block-column-is-layout-flow\">\n<figure class=\"wp-block-image size-full is-resized\"><img loading=\"lazy\" decoding=\"async\" src=\"https:\/\/serendrelavieplusdouce.fr\/wp-content\/uploads\/2022\/11\/images-1.jpg\" alt=\"\" class=\"wp-image-808\" style=\"width:233px;height:233px\" width=\"233\" height=\"233\" srcset=\"https:\/\/serendrelavieplusdouce.fr\/wp-content\/uploads\/2022\/11\/images-1.jpg 225w, https:\/\/serendrelavieplusdouce.fr\/wp-content\/uploads\/2022\/11\/images-1-150x150.jpg 150w\" sizes=\"auto, (max-width: 233px) 100vw, 233px\" \/><\/figure>\n<\/div>\n\n\n\n<div class=\"wp-block-column is-layout-flow wp-block-column-is-layout-flow\">\n<p>Dans cet atelier nous irons regarder de plus pr\u00e8s les subtilit\u00e9s des quatre questions du Work.<\/p>\n\n\n\n<p>Nous verrons ensemble o\u00f9 emmener notre conscience pour que chacune de ces questions puisse livrer tous ses tr\u00e9sors.<br>Nous exp\u00e9rimenterons ensuite une facilitation en direct, cela permet de bien visualiser comment on peut faciliter une autre personne.<\/p>\n<\/div>\n\n\n\n<div class=\"wp-block-column is-layout-flow wp-block-column-is-layout-flow\">\n<figure class=\"wp-block-image size-full is-resized\"><img loading=\"lazy\" decoding=\"async\" src=\"https:\/\/serendrelavieplusdouce.fr\/wp-content\/uploads\/2022\/11\/tresor.jpg\" alt=\"\" class=\"wp-image-809\" style=\"width:254px;height:222px\" width=\"254\" height=\"222\"\/><\/figure>\n<\/div>\n<\/div>\n\n\n\n<p><strong>Cet atelier est payant :15e la soir\u00e9e <\/strong><br>( et \u00e9ventuellement moins si petits moyens financiers).<br>L&rsquo;argent ne doit pas \u00eatre un frein, si vous \u00eates en difficult\u00e9 financi\u00e8re,&nbsp; les ateliers peuvent \u00eatre \u00e0 participation r\u00e9duite ou offerts (m\u2019envoyer un mail).<\/p>\n\n\n\n<div class=\"wp-block-columns is-layout-flex wp-container-core-columns-is-layout-28f84493 wp-block-columns-is-layout-flex\">\n<div class=\"wp-block-column is-layout-flow wp-block-column-is-layout-flow\" style=\"flex-basis:50%\">\n<p>L<strong>ien zoom envoy\u00e9 la veille aux personnes inscrites<\/strong><\/p>\n<\/div>\n\n\n\n<div class=\"wp-block-column is-layout-flow wp-block-column-is-layout-flow\">\n<p class=\"has-text-align-right\"><strong>Paiement par virement<\/strong><\/p>\n<\/div>\n\n\n\n<div class=\"wp-block-column is-layout-flow wp-block-column-is-layout-flow\">\n<p><\/p>\n<\/div>\n<\/div>\n\n\n\n<p class=\"has-background\" style=\"background-color:#eec50b52\"><strong>Atelier 19h-22 environ<\/strong> &#8211;<strong>Dur\u00e9e et d\u00e9roul\u00e9 de l&rsquo;atelier<\/strong><\/p>\n\n\n\n<p><strong>S\u00e9quence 1<\/strong>: 1h15 environ en groupe \u00e0 partir de 19h<br><strong>S\u00e9quence 2<\/strong> : 1h au moins de Travail par deux \u00e0 faire entre  20h15 et 21h15&nbsp;<br>Je reste disponible pendant la s\u00e9quence n\u00b02 pour vous aider si n\u00e9cessaire<br>Ces facilitations par bin\u00f4me&nbsp;ont lieu avec zoom o\u00f9 je peux vous placer dans de petites salles \u00e0 deux<br><strong>S\u00e9quence 3&nbsp;:&nbsp;<\/strong>retour dans le groupe \u00e0 21h15 pour partage sur vos d\u00e9couvertes, questions, \u00e9changes&nbsp;(environ 30 mn).<br>Fin de l&rsquo;atelier vers 21h45-22h<br><\/p>\n","protected":false},"excerpt":{"rendered":"<p>Atelier \u00e0 th\u00e8me : r\u00e9serv\u00e9 aux personnes qui ont d\u00e9j\u00e0 particip\u00e9 au moins une fois \u00e0 l&rsquo;atelier d\u00e9couverte Dans cet atelier nous irons regarder de plus pr\u00e8s les subtilit\u00e9s des quatre questions du Work. Nous verrons ensemble o\u00f9 emmener notre conscience pour que chacune de ces questions puisse livrer tous ses tr\u00e9sors.Nous exp\u00e9rimenterons ensuite une &hellip;<\/p>\n<p class=\"read-more\"> <a class=\"\" href=\"https:\/\/serendrelavieplusdouce.fr\/?page_id=795\"> <span class=\"screen-reader-text\">Atelier : la richesse des questions du Work et leurs subtilit\u00e9s. Facilitation en direct<\/span> Lire la suite\u00a0\u00bb<\/a><\/p>\n","protected":false},"author":1,"featured_media":0,"parent":1250,"menu_order":0,"comment_status":"closed","ping_status":"closed","template":"","meta":{"site-sidebar-layout":"default","site-content-layout":"default","ast-global-header-display":"","ast-banner-title-visibility":"","ast-main-header-display":"","ast-hfb-above-header-display":"","ast-hfb-below-header-display":"","ast-hfb-mobile-header-display":"","site-post-title":"","ast-breadcrumbs-content":"","ast-featured-img":"","footer-sml-layout":"","theme-transparent-header-meta":"","adv-header-id-meta":"","stick-header-meta":"","header-above-stick-meta":"","header-main-stick-meta":"","header-below-stick-meta":"","footnotes":""},"class_list":["post-795","page","type-page","status-publish","hentry"],"_links":{"self":[{"href":"https:\/\/serendrelavieplusdouce.fr\/index.php?rest_route=\/wp\/v2\/pages\/795","targetHints":{"allow":["GET"]}}],"collection":[{"href":"https:\/\/serendrelavieplusdouce.fr\/index.php?rest_route=\/wp\/v2\/pages"}],"about":[{"href":"https:\/\/serendrelavieplusdouce.fr\/index.php?rest_route=\/wp\/v2\/types\/page"}],"author":[{"embeddable":true,"href":"https:\/\/serendrelavieplusdouce.fr\/index.php?rest_route=\/wp\/v2\/users\/1"}],"replies":[{"embeddable":true,"href":"https:\/\/serendrelavieplusdouce.fr\/index.php?rest_route=%2Fwp%2Fv2%2Fcomments&post=795"}],"version-history":[{"count":16,"href":"https:\/\/serendrelavieplusdouce.fr\/index.php?rest_route=\/wp\/v2\/pages\/795\/revisions"}],"predecessor-version":[{"id":1509,"href":"https:\/\/serendrelavieplusdouce.fr\/index.php?rest_route=\/wp\/v2\/pages\/795\/revisions\/1509"}],"up":[{"embeddable":true,"href":"https:\/\/serendrelavieplusdouce.fr\/index.php?rest_route=\/wp\/v2\/pages\/1250"}],"wp:attachment":[{"href":"https:\/\/serendrelavieplusdouce.fr\/index.php?rest_route=%2Fwp%2Fv2%2Fmedia&parent=795"}],"curies":[{"name":"wp","href":"https:\/\/api.w.org\/{rel}","templated":true}]}}