{"id":616,"date":"2022-11-07T21:08:39","date_gmt":"2022-11-07T20:08:39","guid":{"rendered":"http:\/\/serendrelavieplusdouce.fr\/?page_id=616"},"modified":"2023-06-28T21:59:31","modified_gmt":"2023-06-28T19:59:31","slug":"ressources-claudette-vidal","status":"publish","type":"page","link":"https:\/\/serendrelavieplusdouce.fr\/?page_id=616","title":{"rendered":"Ressources Claudette Vidal"},"content":{"rendered":"\n<div class=\"wp-block-columns is-layout-flex wp-container-core-columns-is-layout-28f84493 wp-block-columns-is-layout-flex\">\n<div class=\"wp-block-column is-layout-flow wp-block-column-is-layout-flow\" style=\"flex-basis:33.33%\">\n<figure class=\"wp-block-image size-full is-resized\"><img loading=\"lazy\" decoding=\"async\" src=\"https:\/\/serendrelavieplusdouce.fr\/wp-content\/uploads\/2022\/11\/claudette.jpg\" alt=\"\" class=\"wp-image-1010\" width=\"208\" height=\"278\" srcset=\"https:\/\/serendrelavieplusdouce.fr\/wp-content\/uploads\/2022\/11\/claudette.jpg 600w, https:\/\/serendrelavieplusdouce.fr\/wp-content\/uploads\/2022\/11\/claudette-225x300.jpg 225w\" sizes=\"auto, (max-width: 208px) 100vw, 208px\" \/><\/figure>\n<\/div>\n\n\n\n<div class=\"wp-block-column is-layout-flow wp-block-column-is-layout-flow\" style=\"flex-basis:70%\">\n<p>Claudette Vidal est une enseignante spirituelle \u00e9veill\u00e9e.<br>Son enseignement nous emm\u00e8ne loin, au del\u00e0 de qui nous croyons \u00eatre.<\/p>\n\n\n\n<p>Ses retraites, ses webinaires, vid\u00e9os , livres et m\u00e9ditations hebdomadaires sont des sources de grande richesse lorsque l\u2019on souhaite avancer sur son chemin d\u2019\u00e9volution spirituelle.<\/p>\n\n\n\n<p>Son site <a href=\"https:\/\/eveilspirituel.net\/claudetteVidal.asp\">https:\/\/eveilspirituel.net<\/a><\/p>\n\n\n\n<p>Sur son site, entre autres, vous trouverez deux types de vid\u00e9os&nbsp;:<br>+ des vid\u00e9os extraites de stages-retraites (en g\u00e9n\u00e9ral courtes)<br>+ des vid\u00e9os des m\u00e9ditations guid\u00e9es des mardis soirs environ 45-50mn<br>(accessibles gratuitement en direct tous les mardis soirs par zoom)<\/p>\n<\/div>\n<\/div>\n\n\n\n<p class=\"has-background\" style=\"background-color:#eec50b52\"><strong>Quelques vid\u00e9os ou m\u00e9ditations remarquables parmi toutes les autres ..tout aussi remarquables<\/strong><br>( pour \u00e9viter les pub vous pouvez utiliser le moteur de recherche  Brave.com )<\/p>\n\n\n\n<p><\/p>\n\n\n\n<div class=\"wp-block-columns is-layout-flex wp-container-core-columns-is-layout-28f84493 wp-block-columns-is-layout-flex\">\n<div class=\"wp-block-column is-layout-flow wp-block-column-is-layout-flow\" style=\"flex-basis:33.33%\">\n<figure class=\"wp-block-image size-full is-resized\"><img loading=\"lazy\" decoding=\"async\" src=\"https:\/\/serendrelavieplusdouce.fr\/wp-content\/uploads\/2023\/04\/voyage-ame.jpg\" alt=\"\" class=\"wp-image-1361\" width=\"253\" height=\"135\" srcset=\"https:\/\/serendrelavieplusdouce.fr\/wp-content\/uploads\/2023\/04\/voyage-ame.jpg 631w, https:\/\/serendrelavieplusdouce.fr\/wp-content\/uploads\/2023\/04\/voyage-ame-300x161.jpg 300w\" sizes=\"auto, (max-width: 253px) 100vw, 253px\" \/><\/figure>\n<\/div>\n\n\n\n<div class=\"wp-block-column is-layout-flow wp-block-column-is-layout-flow\" style=\"flex-basis:66.66%\">\n<p><strong><a href=\"https:\/\/www.youtube.com\/watch?v=fB5AEhq2tr0&amp;ab_channel=ClaudetteVidal\">Vid\u00e9o<\/a> \u00ab\u00a0l&rsquo;\u00e9tonnant voyage de l&rsquo;\u00e2me&nbsp;sur la terre\u00a0\u00bb<\/strong>&nbsp; <br>1h20 de constellation tr\u00e8s int\u00e9ressante sur l&rsquo;\u00e2me , l&rsquo;ego , le corps , la conscience..<\/p>\n<\/div>\n<\/div>\n\n\n\n<div class=\"wp-block-columns is-layout-flex wp-container-core-columns-is-layout-28f84493 wp-block-columns-is-layout-flex\">\n<div class=\"wp-block-column is-layout-flow wp-block-column-is-layout-flow\" style=\"flex-basis:33.33%\">\n<figure class=\"wp-block-image size-full\"><img loading=\"lazy\" decoding=\"async\" width=\"287\" height=\"257\" src=\"https:\/\/serendrelavieplusdouce.fr\/wp-content\/uploads\/2022\/11\/le-couple-sacre.jpg\" alt=\"\" class=\"wp-image-1018\"\/><\/figure>\n<\/div>\n\n\n\n<div class=\"wp-block-column is-layout-flow wp-block-column-is-layout-flow\" style=\"flex-basis:66.66%\">\n<p><strong>Sur le F\u00e9minin Sacr\u00e9 et le Masculin Sacr\u00e9<\/strong><\/p>\n\n\n\n<ul class=\"wp-block-list\">\n<li><a href=\"https:\/\/www.youtube.com\/watch?v=vZqyIbcu_fs&amp;t=4s&amp;ab_channel=ClaudetteVidal\">vid\u00e9o<\/a> \u00ab&nbsp;Unir le F\u00e9minin et le Masculin en soi&nbsp;\u00bb  22mn<\/li>\n<\/ul>\n\n\n\n<ul class=\"wp-block-list\">\n<li><a href=\"https:\/\/www.youtube.com\/watch?v=BsAyLQU8kcc&amp;t=1s&amp;ab_channel=ClaudetteVidal\">M\u00e9ditation <\/a> \u00ab\u00a0Honorer le F\u00e9minin Sacr\u00e9\u00a0\u00bb &nbsp;42 mn<\/li>\n\n\n\n<li><a href=\"https:\/\/www.youtube.com\/watch?v=el1uou6wLv4&amp;t=3s&amp;ab_channel=ClaudetteVidal\">M\u00e9ditation<\/a> : \u00ab\u00a0Honorer le Masculin Sacr\u00e9\u00a0\u00bb  47mn<\/li>\n\n\n\n<li><a href=\"https:\/\/www.youtube.com\/watch?v=Pb2ZZleb8BI&amp;t=2s&amp;ab_channel=ClaudetteVidal\">M\u00e9ditation<\/a> : Vivre l\u2019Union Sacr\u00e9e ( du F\u00e9minin Sacr\u00e9 et du Masculin Sacr\u00e9) 46 mn<\/li>\n<\/ul>\n<\/div>\n<\/div>\n\n\n\n<p><strong><a href=\"https:\/\/www.youtube.com\/watch?v=MtJcKIDDHII&amp;ab_channel=ClaudetteVidal\">Vid\u00e9o<\/a><\/strong> : \u00ab\u00a0Que cache notre peur de faire souffrir ?\u00a0\u00bb  16 mn<\/p>\n\n\n\n<p><a href=\"https:\/\/www.youtube.com\/watch?v=zXu4rdS8gWw&amp;t=3s&amp;ab_channel=ClaudetteVidal\"><strong>Vid\u00e9o<\/strong><\/a>: \u00ab\u00a0Transcender les niveaux de conscience&nbsp;&nbsp;\u00a0\u00bb  donn\u00e9 pour le Sommet de la Conscience 2021<\/p>\n\n\n\n<p><strong><a href=\"https:\/\/www.youtube.com\/watch?v=yPKwzG8VxI8&amp;t=5s&amp;ab_channel=ClaudetteVidal\">M\u00e9ditation<\/a><\/strong>: \u00ab\u00a0Je suis totalement innocent\u00a0\u00bb  43mn ,  permet de travailler sur la culpabilit\u00e9<\/p>\n\n\n\n<p><strong><a href=\"https:\/\/www.youtube.com\/watch?v=fQWyH4Rim3U&amp;t=2s&amp;ab_channel=ClaudetteVidal\">M\u00e9ditation<\/a><\/strong>: \u00ab\u00a0Lib\u00e9rer le juge et ses jugements&nbsp;\u00a0\u00bb  44mn<\/p>\n\n\n\n<p><\/p>\n\n\n\n<p><strong> \u00ab\u00a0Etre libre et souverain&nbsp;\u00a0\u00bb  <\/strong><br><strong><a href=\"https:\/\/www.youtube.com\/watch?v=abTcFU_GkoM&amp;t=10s&amp;ab_channel=ClaudetteVidal\">M\u00e9ditation 1<\/a><\/strong>  de juillet 21<br><strong><a rel=\"noreferrer noopener\" href=\"https:\/\/www.youtube.com\/watch?v=Em4x_6GRXsg&amp;t=7s&amp;ab_channel=ClaudetteVidal\" target=\"_blank\">M\u00e9ditation<\/a><\/strong> 2 d&rsquo;octobre 21<br>Dans les temps actuels, je vous recommande vivement ces vid\u00e9os<\/p>\n\n\n\n<p><\/p>\n","protected":false},"excerpt":{"rendered":"<p>Claudette Vidal est une enseignante spirituelle \u00e9veill\u00e9e.Son enseignement nous emm\u00e8ne loin, au del\u00e0 de qui nous croyons \u00eatre. Ses retraites, ses webinaires, vid\u00e9os , livres et m\u00e9ditations hebdomadaires sont des sources de grande richesse lorsque l\u2019on souhaite avancer sur son chemin d\u2019\u00e9volution spirituelle. Son site https:\/\/eveilspirituel.net Sur son site, entre autres, vous trouverez deux types &hellip;<\/p>\n<p class=\"read-more\"> <a class=\"\" href=\"https:\/\/serendrelavieplusdouce.fr\/?page_id=616\"> <span class=\"screen-reader-text\">Ressources Claudette Vidal<\/span> Lire la suite\u00a0\u00bb<\/a><\/p>\n","protected":false},"author":1,"featured_media":0,"parent":17,"menu_order":0,"comment_status":"closed","ping_status":"closed","template":"","meta":{"site-sidebar-layout":"default","site-content-layout":"default","ast-global-header-display":"","ast-banner-title-visibility":"","ast-main-header-display":"","ast-hfb-above-header-display":"","ast-hfb-below-header-display":"","ast-hfb-mobile-header-display":"","site-post-title":"","ast-breadcrumbs-content":"","ast-featured-img":"","footer-sml-layout":"","theme-transparent-header-meta":"","adv-header-id-meta":"","stick-header-meta":"","header-above-stick-meta":"","header-main-stick-meta":"","header-below-stick-meta":"","footnotes":""},"class_list":["post-616","page","type-page","status-publish","hentry"],"_links":{"self":[{"href":"https:\/\/serendrelavieplusdouce.fr\/index.php?rest_route=\/wp\/v2\/pages\/616","targetHints":{"allow":["GET"]}}],"collection":[{"href":"https:\/\/serendrelavieplusdouce.fr\/index.php?rest_route=\/wp\/v2\/pages"}],"about":[{"href":"https:\/\/serendrelavieplusdouce.fr\/index.php?rest_route=\/wp\/v2\/types\/page"}],"author":[{"embeddable":true,"href":"https:\/\/serendrelavieplusdouce.fr\/index.php?rest_route=\/wp\/v2\/users\/1"}],"replies":[{"embeddable":true,"href":"https:\/\/serendrelavieplusdouce.fr\/index.php?rest_route=%2Fwp%2Fv2%2Fcomments&post=616"}],"version-history":[{"count":27,"href":"https:\/\/serendrelavieplusdouce.fr\/index.php?rest_route=\/wp\/v2\/pages\/616\/revisions"}],"predecessor-version":[{"id":1437,"href":"https:\/\/serendrelavieplusdouce.fr\/index.php?rest_route=\/wp\/v2\/pages\/616\/revisions\/1437"}],"up":[{"embeddable":true,"href":"https:\/\/serendrelavieplusdouce.fr\/index.php?rest_route=\/wp\/v2\/pages\/17"}],"wp:attachment":[{"href":"https:\/\/serendrelavieplusdouce.fr\/index.php?rest_route=%2Fwp%2Fv2%2Fmedia&parent=616"}],"curies":[{"name":"wp","href":"https:\/\/api.w.org\/{rel}","templated":true}]}}