{"id":575,"date":"2022-11-05T17:54:28","date_gmt":"2022-11-05T16:54:28","guid":{"rendered":"http:\/\/serendrelavieplusdouce.fr\/?page_id=575"},"modified":"2024-11-06T19:13:45","modified_gmt":"2024-11-06T18:13:45","slug":"tarif-des-seances","status":"publish","type":"page","link":"https:\/\/serendrelavieplusdouce.fr\/?page_id=575","title":{"rendered":"Tarif des s\u00e9ances"},"content":{"rendered":"\n<p class=\"has-medium-font-size\"><strong>Tarif pour 1 s\u00e9ance d&rsquo;une heure  : <\/strong> 60 euros  payable par virement bancaire <strong>  <\/strong><\/p>\n\n\n\n<p class=\"has-medium-font-size\"><br><strong>Carte \u00e9volution : 3 s\u00e9ances<\/strong> , pour un accompagnement plus approfondi 160 euros<br>C&rsquo;est vous qui choisissez votre rythme pour ces 3 s\u00e9ances<br>Il est possible de r\u00e9gler la carte en deux fois 80 euros lors de la 1ere et de la 2eme s\u00e9ance<\/p>\n\n\n\n<p>R\u00e9glement par virement bancaire de pr\u00e9f\u00e9rence<\/p>\n\n\n\n<p class=\"has-medium-font-size\"><br><strong>Pour la 1ere s\u00e9ance :<\/strong><br>il est possible de r\u00e9gler juste apr\u00e8s la 1ere s\u00e9ance <br>et donc de choisir \u00e0 l&rsquo;issue de cette 1ere s\u00e9ance soit s\u00e9ance unique \u00e0 60e, soit carte \u00e9volution 3 s\u00e9ances \u00e0 160e ( payable en deux fois)<\/p>\n","protected":false},"excerpt":{"rendered":"<p>Tarif pour 1 s\u00e9ance d&rsquo;une heure : 60 euros payable par virement bancaire Carte \u00e9volution : 3 s\u00e9ances , pour un accompagnement plus approfondi 160 eurosC&rsquo;est vous qui choisissez votre rythme pour ces 3 s\u00e9ancesIl est possible de r\u00e9gler la carte en deux fois 80 euros lors de la 1ere et de la 2eme s\u00e9ance &hellip;<\/p>\n<p class=\"read-more\"> <a class=\"\" href=\"https:\/\/serendrelavieplusdouce.fr\/?page_id=575\"> <span class=\"screen-reader-text\">Tarif des s\u00e9ances<\/span> Lire la suite\u00a0\u00bb<\/a><\/p>\n","protected":false},"author":1,"featured_media":0,"parent":107,"menu_order":0,"comment_status":"closed","ping_status":"closed","template":"","meta":{"site-sidebar-layout":"default","site-content-layout":"default","ast-global-header-display":"","ast-banner-title-visibility":"","ast-main-header-display":"","ast-hfb-above-header-display":"","ast-hfb-below-header-display":"","ast-hfb-mobile-header-display":"","site-post-title":"","ast-breadcrumbs-content":"","ast-featured-img":"","footer-sml-layout":"","theme-transparent-header-meta":"","adv-header-id-meta":"","stick-header-meta":"","header-above-stick-meta":"","header-main-stick-meta":"","header-below-stick-meta":"","footnotes":""},"class_list":["post-575","page","type-page","status-publish","hentry"],"_links":{"self":[{"href":"https:\/\/serendrelavieplusdouce.fr\/index.php?rest_route=\/wp\/v2\/pages\/575","targetHints":{"allow":["GET"]}}],"collection":[{"href":"https:\/\/serendrelavieplusdouce.fr\/index.php?rest_route=\/wp\/v2\/pages"}],"about":[{"href":"https:\/\/serendrelavieplusdouce.fr\/index.php?rest_route=\/wp\/v2\/types\/page"}],"author":[{"embeddable":true,"href":"https:\/\/serendrelavieplusdouce.fr\/index.php?rest_route=\/wp\/v2\/users\/1"}],"replies":[{"embeddable":true,"href":"https:\/\/serendrelavieplusdouce.fr\/index.php?rest_route=%2Fwp%2Fv2%2Fcomments&post=575"}],"version-history":[{"count":10,"href":"https:\/\/serendrelavieplusdouce.fr\/index.php?rest_route=\/wp\/v2\/pages\/575\/revisions"}],"predecessor-version":[{"id":1600,"href":"https:\/\/serendrelavieplusdouce.fr\/index.php?rest_route=\/wp\/v2\/pages\/575\/revisions\/1600"}],"up":[{"embeddable":true,"href":"https:\/\/serendrelavieplusdouce.fr\/index.php?rest_route=\/wp\/v2\/pages\/107"}],"wp:attachment":[{"href":"https:\/\/serendrelavieplusdouce.fr\/index.php?rest_route=%2Fwp%2Fv2%2Fmedia&parent=575"}],"curies":[{"name":"wp","href":"https:\/\/api.w.org\/{rel}","templated":true}]}}