{"id":566,"date":"2022-11-05T17:37:53","date_gmt":"2022-11-05T16:37:53","guid":{"rendered":"http:\/\/serendrelavieplusdouce.fr\/?page_id=566"},"modified":"2024-02-26T15:32:42","modified_gmt":"2024-02-26T14:32:42","slug":"seance-decouverte-offerte","status":"publish","type":"page","link":"https:\/\/serendrelavieplusdouce.fr\/?page_id=566","title":{"rendered":"S\u00e9ance d\u00e9couverte offerte"},"content":{"rendered":"\n<p><strong>Je vous offre une s\u00e9ance d\u00e9couverte d&rsquo;une heure.<\/strong><br><\/p>\n\n\n\n<p>C&rsquo;est un accompagnement sur mesure chez vous . <br>Cette s\u00e9ance est libre, sans engagement.<\/p>\n\n\n\n<p>Cela peut vous permettre  imm\u00e9diatement de vous all\u00e9ger d&rsquo;un poids, d&rsquo;am\u00e9liorer sensiblement la relation avec une personne de votre entourage,  de d\u00e9stresser sur un probl\u00e8me en le voyant autrement, ou d&rsquo;y voir plus clair sur une d\u00e9cision \u00e0 prendre.<\/p>\n\n\n\n<p>Apr\u00e8s cette s\u00e9ance, en fonction de ce que vous y avez trouv\u00e9 et de vos moyens financiers, vous pourrez me faire un don \u00e0 votre convenance&#8230;.ou non, \u00e0 vous de donner en conscience, sachant qu&rsquo;une s\u00e9ance \u00ab\u00a0normale\u00a0\u00bb est au tarif de 60 e.<\/p>\n\n\n\n<p>Dans le cas o\u00f9, \u00e0 l&rsquo;issue de cette s\u00e9ance d\u00e9couverte, vous souhaitez prendre une carte de  3 s\u00e9ances, la s\u00e9ance d\u00e9couverte sera consid\u00e9r\u00e9e comme la 1ere s\u00e9ance de la carte Evolution (carte de 3 s\u00e9ances \u00e0 160e).<\/p>\n\n\n\n<p>Pour prendre rendez vous  <br>isa73.bk@gmail.com   ou   06 64 69 63 07<\/p>\n\n\n\n<p><\/p>\n\n\n\n<p><\/p>\n","protected":false},"excerpt":{"rendered":"<p>Je vous offre une s\u00e9ance d\u00e9couverte d&rsquo;une heure. C&rsquo;est un accompagnement sur mesure chez vous . Cette s\u00e9ance est libre, sans engagement. Cela peut vous permettre imm\u00e9diatement de vous all\u00e9ger d&rsquo;un poids, d&rsquo;am\u00e9liorer sensiblement la relation avec une personne de votre entourage, de d\u00e9stresser sur un probl\u00e8me en le voyant autrement, ou d&rsquo;y voir plus &hellip;<\/p>\n<p class=\"read-more\"> <a class=\"\" href=\"https:\/\/serendrelavieplusdouce.fr\/?page_id=566\"> <span class=\"screen-reader-text\">S\u00e9ance d\u00e9couverte offerte<\/span> Lire la suite\u00a0\u00bb<\/a><\/p>\n","protected":false},"author":1,"featured_media":0,"parent":107,"menu_order":0,"comment_status":"closed","ping_status":"closed","template":"","meta":{"site-sidebar-layout":"default","site-content-layout":"default","ast-global-header-display":"","ast-banner-title-visibility":"","ast-main-header-display":"","ast-hfb-above-header-display":"","ast-hfb-below-header-display":"","ast-hfb-mobile-header-display":"","site-post-title":"","ast-breadcrumbs-content":"","ast-featured-img":"","footer-sml-layout":"","theme-transparent-header-meta":"","adv-header-id-meta":"","stick-header-meta":"","header-above-stick-meta":"","header-main-stick-meta":"","header-below-stick-meta":"","footnotes":""},"class_list":["post-566","page","type-page","status-publish","hentry"],"_links":{"self":[{"href":"https:\/\/serendrelavieplusdouce.fr\/index.php?rest_route=\/wp\/v2\/pages\/566","targetHints":{"allow":["GET"]}}],"collection":[{"href":"https:\/\/serendrelavieplusdouce.fr\/index.php?rest_route=\/wp\/v2\/pages"}],"about":[{"href":"https:\/\/serendrelavieplusdouce.fr\/index.php?rest_route=\/wp\/v2\/types\/page"}],"author":[{"embeddable":true,"href":"https:\/\/serendrelavieplusdouce.fr\/index.php?rest_route=\/wp\/v2\/users\/1"}],"replies":[{"embeddable":true,"href":"https:\/\/serendrelavieplusdouce.fr\/index.php?rest_route=%2Fwp%2Fv2%2Fcomments&post=566"}],"version-history":[{"count":10,"href":"https:\/\/serendrelavieplusdouce.fr\/index.php?rest_route=\/wp\/v2\/pages\/566\/revisions"}],"predecessor-version":[{"id":1568,"href":"https:\/\/serendrelavieplusdouce.fr\/index.php?rest_route=\/wp\/v2\/pages\/566\/revisions\/1568"}],"up":[{"embeddable":true,"href":"https:\/\/serendrelavieplusdouce.fr\/index.php?rest_route=\/wp\/v2\/pages\/107"}],"wp:attachment":[{"href":"https:\/\/serendrelavieplusdouce.fr\/index.php?rest_route=%2Fwp%2Fv2%2Fmedia&parent=566"}],"curies":[{"name":"wp","href":"https:\/\/api.w.org\/{rel}","templated":true}]}}