{"id":503,"date":"2022-11-04T18:09:35","date_gmt":"2022-11-04T17:09:35","guid":{"rendered":"http:\/\/serendrelavieplusdouce.fr\/?page_id=503"},"modified":"2023-07-25T18:39:01","modified_gmt":"2023-07-25T16:39:01","slug":"en-savoir-plus-accueil","status":"publish","type":"page","link":"https:\/\/serendrelavieplusdouce.fr\/?page_id=503","title":{"rendered":"En savoir plus-Accueil"},"content":{"rendered":"\n<p>L\u2019approche par le Work en atelier ou en s\u00e9ance &nbsp;permet \u00e9galement d\u2019aiguiser votre conscience sur <strong>&nbsp;votre fa\u00e7on de penser<\/strong>,&nbsp;<strong>vos&nbsp;croyances,&nbsp;<\/strong>et&nbsp;<strong>vos&nbsp;conditionnements<\/strong>, bref ce qui vous pousse \u00e0 vous comporter de telle ou telle mani\u00e8re<br>En effet, comment&nbsp;faire ou \u00eatre autrement si je pense toujours de la m\u00eame fa\u00e7on&nbsp;?<br><br>Pour des d\u00e9tails sur les ateliers , voir la page \u00ab\u00a0Ateliers\u00a0\u00bb dans le menu <br>Pour les d\u00e9tails sur les s\u00e9ances individuelles, voir la page \u00ab\u00a0Accompagnement\u00a0\u00bb<br><\/p>\n\n\n\n<p><strong>\u201cSi vous voulez quelque chose que vous n&rsquo;avez jamais eu, vous devez \u00eatre dispos\u00e9 \u00e0 faire quelque chose que vous n&rsquo;avez jamais fait.\u201d<\/strong>\u00a0    <strong>Thomas Jefferson<\/strong><\/p>\n","protected":false},"excerpt":{"rendered":"<p>L\u2019approche par le Work en atelier ou en s\u00e9ance &nbsp;permet \u00e9galement d\u2019aiguiser votre conscience sur &nbsp;votre fa\u00e7on de penser,&nbsp;vos&nbsp;croyances,&nbsp;et&nbsp;vos&nbsp;conditionnements, bref ce qui vous pousse \u00e0 vous comporter de telle ou telle mani\u00e8reEn effet, comment&nbsp;faire ou \u00eatre autrement si je pense toujours de la m\u00eame fa\u00e7on&nbsp;? Pour des d\u00e9tails sur les ateliers , voir la page &hellip;<\/p>\n<p class=\"read-more\"> <a class=\"\" href=\"https:\/\/serendrelavieplusdouce.fr\/?page_id=503\"> <span class=\"screen-reader-text\">En savoir plus-Accueil<\/span> Lire la suite\u00a0\u00bb<\/a><\/p>\n","protected":false},"author":1,"featured_media":0,"parent":7,"menu_order":0,"comment_status":"closed","ping_status":"closed","template":"","meta":{"site-sidebar-layout":"default","site-content-layout":"default","ast-global-header-display":"","ast-banner-title-visibility":"","ast-main-header-display":"","ast-hfb-above-header-display":"","ast-hfb-below-header-display":"","ast-hfb-mobile-header-display":"","site-post-title":"","ast-breadcrumbs-content":"","ast-featured-img":"","footer-sml-layout":"","theme-transparent-header-meta":"","adv-header-id-meta":"","stick-header-meta":"","header-above-stick-meta":"","header-main-stick-meta":"","header-below-stick-meta":"","footnotes":""},"class_list":["post-503","page","type-page","status-publish","hentry"],"_links":{"self":[{"href":"https:\/\/serendrelavieplusdouce.fr\/index.php?rest_route=\/wp\/v2\/pages\/503","targetHints":{"allow":["GET"]}}],"collection":[{"href":"https:\/\/serendrelavieplusdouce.fr\/index.php?rest_route=\/wp\/v2\/pages"}],"about":[{"href":"https:\/\/serendrelavieplusdouce.fr\/index.php?rest_route=\/wp\/v2\/types\/page"}],"author":[{"embeddable":true,"href":"https:\/\/serendrelavieplusdouce.fr\/index.php?rest_route=\/wp\/v2\/users\/1"}],"replies":[{"embeddable":true,"href":"https:\/\/serendrelavieplusdouce.fr\/index.php?rest_route=%2Fwp%2Fv2%2Fcomments&post=503"}],"version-history":[{"count":5,"href":"https:\/\/serendrelavieplusdouce.fr\/index.php?rest_route=\/wp\/v2\/pages\/503\/revisions"}],"predecessor-version":[{"id":1473,"href":"https:\/\/serendrelavieplusdouce.fr\/index.php?rest_route=\/wp\/v2\/pages\/503\/revisions\/1473"}],"up":[{"embeddable":true,"href":"https:\/\/serendrelavieplusdouce.fr\/index.php?rest_route=\/wp\/v2\/pages\/7"}],"wp:attachment":[{"href":"https:\/\/serendrelavieplusdouce.fr\/index.php?rest_route=%2Fwp%2Fv2%2Fmedia&parent=503"}],"curies":[{"name":"wp","href":"https:\/\/api.w.org\/{rel}","templated":true}]}}