{"id":404,"date":"2022-11-03T14:42:52","date_gmt":"2022-11-03T13:42:52","guid":{"rendered":"https:\/\/serendrelavieplusdouce.fr\/?page_id=404"},"modified":"2022-12-25T21:27:20","modified_gmt":"2022-12-25T20:27:20","slug":"ressources-bk","status":"publish","type":"page","link":"https:\/\/serendrelavieplusdouce.fr\/?page_id=404","title":{"rendered":"Ressources Work"},"content":{"rendered":"\n<p class=\"has-background\" style=\"background-color:#eec50b52\"><strong>Vid\u00e9os <\/strong><\/p>\n\n\n\n<div class=\"wp-block-columns is-layout-flex wp-container-core-columns-is-layout-28f84493 wp-block-columns-is-layout-flex\">\n<div class=\"wp-block-column is-layout-flow wp-block-column-is-layout-flow\">\n<p><a href=\"https:\/\/www.youtube.com\/watch?v=_2Lw5JZHNdQ&amp;list=RDLV_2Lw5JZHNdQ&amp;index=3&amp;ab_channel=Forumdesm%C3%A9decinesdel%27%C3%A2me\" target=\"_blank\" rel=\"noreferrer noopener\">Conf\u00e9rence atelier dans le cadre du forum des m\u00e9decines de l&rsquo;\u00e2me Isabelle Rougier dur\u00e9e 45 mn<\/a><\/p>\n<\/div>\n\n\n\n<div class=\"wp-block-column is-layout-flow wp-block-column-is-layout-flow\">\n<figure class=\"wp-block-image size-full\"><a href=\"https:\/\/www.youtube.com\/watch?v=_2Lw5JZHNdQ&amp;ab_channel=Forumdesm%C3%A9decinesdel%27%C3%A2me\"><img loading=\"lazy\" decoding=\"async\" width=\"605\" height=\"300\" src=\"https:\/\/serendrelavieplusdouce.fr\/wp-content\/uploads\/2022\/12\/pour-video.jpg\" alt=\"\" class=\"wp-image-1129\" srcset=\"https:\/\/serendrelavieplusdouce.fr\/wp-content\/uploads\/2022\/12\/pour-video.jpg 605w, https:\/\/serendrelavieplusdouce.fr\/wp-content\/uploads\/2022\/12\/pour-video-300x149.jpg 300w\" sizes=\"auto, (max-width: 605px) 100vw, 605px\" \/><\/a><\/figure>\n<\/div>\n<\/div>\n\n\n\n<div class=\"wp-block-columns is-layout-flex wp-container-core-columns-is-layout-28f84493 wp-block-columns-is-layout-flex\">\n<div class=\"wp-block-column is-layout-flow wp-block-column-is-layout-flow\" style=\"flex-basis:66.66%\">\n<p>Vid\u00e9o int\u00e9ressante et agr\u00e9able \u00e0 regarder , facilitation de Byron Katie<br><a href=\"https:\/\/www.youtube.com\/watch?v=OhFdeWLjf5k&amp;list=RDLV_2Lw5JZHNdQ&amp;index=4&amp;ab_channel=ByronKatie\" target=\"_blank\" rel=\"noreferrer noopener\">\u00ab\u00a0Je veux rendre ma m\u00e8re heureuse \u00ab\u00a0<\/a> 40 mn<\/p>\n<\/div>\n\n\n\n<div class=\"wp-block-column is-layout-flow wp-block-column-is-layout-flow\" style=\"flex-basis:33.33%\">\n<figure class=\"wp-block-image size-full\"><img loading=\"lazy\" decoding=\"async\" width=\"625\" height=\"290\" src=\"https:\/\/serendrelavieplusdouce.fr\/wp-content\/uploads\/2022\/12\/Je-veux-rendre-ma-mere-heureuse.jpg\" alt=\"\" class=\"wp-image-1120\" srcset=\"https:\/\/serendrelavieplusdouce.fr\/wp-content\/uploads\/2022\/12\/Je-veux-rendre-ma-mere-heureuse.jpg 625w, https:\/\/serendrelavieplusdouce.fr\/wp-content\/uploads\/2022\/12\/Je-veux-rendre-ma-mere-heureuse-300x139.jpg 300w\" sizes=\"auto, (max-width: 625px) 100vw, 625px\" \/><\/figure>\n<\/div>\n<\/div>\n\n\n\n<div class=\"wp-block-columns is-layout-flex wp-container-core-columns-is-layout-28f84493 wp-block-columns-is-layout-flex\">\n<div class=\"wp-block-column is-layout-flow wp-block-column-is-layout-flow\" style=\"flex-basis:66.66%\">\n<p><a rel=\"noreferrer noopener\" href=\"https:\/\/www.youtube.com\/watch?v=R2E6N1-QswY&amp;ab_channel=V%C3%A9roniqueKohn\" target=\"_blank\">\u00ab\u00a0Comment le Work change la vie\u00a0\u00bb  vid\u00e9o Interview avec V\u00e9ronique Kohn<\/a><br><\/p>\n<\/div>\n\n\n\n<div class=\"wp-block-column is-layout-flow wp-block-column-is-layout-flow\" style=\"flex-basis:33.33%\">\n<figure class=\"wp-block-image size-full\"><img loading=\"lazy\" decoding=\"async\" width=\"691\" height=\"363\" src=\"https:\/\/serendrelavieplusdouce.fr\/wp-content\/uploads\/2022\/12\/inteview.jpg\" alt=\"\" class=\"wp-image-1118\" srcset=\"https:\/\/serendrelavieplusdouce.fr\/wp-content\/uploads\/2022\/12\/inteview.jpg 691w, https:\/\/serendrelavieplusdouce.fr\/wp-content\/uploads\/2022\/12\/inteview-300x158.jpg 300w\" sizes=\"auto, (max-width: 691px) 100vw, 691px\" \/><\/figure>\n<\/div>\n<\/div>\n\n\n\n<div class=\"wp-block-columns is-layout-flex wp-container-core-columns-is-layout-28f84493 wp-block-columns-is-layout-flex\">\n<div class=\"wp-block-column is-layout-flow wp-block-column-is-layout-flow\" style=\"flex-basis:66.66%\">\n<p><a href=\"https:\/\/www.youtube.com\/watch?v=viuNl6c9Uso&amp;t=785s&amp;ab_channel=LeTravailenFrancophonie\" target=\"_blank\" rel=\"noreferrer noopener\">Les relations: aimer ce qui est. Interview Lilou Mac\u00e9-Byron Katie-37mn<\/a><\/p>\n<\/div>\n\n\n\n<div class=\"wp-block-column is-layout-flow wp-block-column-is-layout-flow\" style=\"flex-basis:33.33%\">\n<figure class=\"wp-block-image size-full\"><img loading=\"lazy\" decoding=\"async\" width=\"1012\" height=\"552\" src=\"https:\/\/serendrelavieplusdouce.fr\/wp-content\/uploads\/2022\/12\/interview-Lilou-Mace-Byron-Katie.jpg\" alt=\"\" class=\"wp-image-1119\" srcset=\"https:\/\/serendrelavieplusdouce.fr\/wp-content\/uploads\/2022\/12\/interview-Lilou-Mace-Byron-Katie.jpg 1012w, https:\/\/serendrelavieplusdouce.fr\/wp-content\/uploads\/2022\/12\/interview-Lilou-Mace-Byron-Katie-300x164.jpg 300w, https:\/\/serendrelavieplusdouce.fr\/wp-content\/uploads\/2022\/12\/interview-Lilou-Mace-Byron-Katie-768x419.jpg 768w\" sizes=\"auto, (max-width: 1012px) 100vw, 1012px\" \/><\/figure>\n<\/div>\n<\/div>\n\n\n\n<p class=\"has-background\" style=\"background-color:#add0fea1\"><strong>Documents du Work pour faciliter <\/strong><\/p>\n\n\n\n<div class=\"wp-block-columns is-layout-flex wp-container-core-columns-is-layout-28f84493 wp-block-columns-is-layout-flex\">\n<div class=\"wp-block-column is-layout-flow wp-block-column-is-layout-flow\">\n<p>Les quatre questions et retournements<br> doc a avoir pour faciliter en atelier<\/p>\n<\/div>\n\n\n\n<div class=\"wp-block-column is-layout-flow wp-block-column-is-layout-flow\">\n<figure class=\"wp-block-image size-full\"><a href=\"https:\/\/serendrelavieplusdouce.fr\/wp-content\/uploads\/2022\/11\/image-1.png\"><img loading=\"lazy\" decoding=\"async\" width=\"83\" height=\"88\" src=\"https:\/\/serendrelavieplusdouce.fr\/wp-content\/uploads\/2022\/11\/pour-pdf.jpg\" alt=\"\" class=\"wp-image-695\"\/><\/a><\/figure>\n<\/div>\n\n\n\n<div class=\"wp-block-column is-layout-flow wp-block-column-is-layout-flow\"><\/div>\n<\/div>\n\n\n\n<div class=\"wp-block-columns is-layout-flex wp-container-core-columns-is-layout-28f84493 wp-block-columns-is-layout-flex\">\n<div class=\"wp-block-column is-layout-flow wp-block-column-is-layout-flow\">\n<p>La feuille de Travail du Work<\/p>\n<\/div>\n\n\n\n<div class=\"wp-block-column is-layout-flow wp-block-column-is-layout-flow\">\n<figure class=\"wp-block-image size-full\"><a href=\"https:\/\/serendrelavieplusdouce.fr\/wp-content\/uploads\/2022\/11\/feuille-de-travail.pdf\"><img loading=\"lazy\" decoding=\"async\" width=\"83\" height=\"88\" src=\"https:\/\/serendrelavieplusdouce.fr\/wp-content\/uploads\/2022\/11\/pour-pdf.jpg\" alt=\"\" class=\"wp-image-695\"\/><\/a><\/figure>\n<\/div>\n\n\n\n<div class=\"wp-block-column is-layout-flow wp-block-column-is-layout-flow\"><\/div>\n<\/div>\n\n\n\n<p class=\"has-background\" style=\"background-color:#eec50b52\"><strong>Sites<\/strong><\/p>\n\n\n\n<div class=\"wp-block-columns is-layout-flex wp-container-core-columns-is-layout-28f84493 wp-block-columns-is-layout-flex\">\n<div class=\"wp-block-column is-layout-flow wp-block-column-is-layout-flow\">\n<p>Site de l&rsquo;Association pour le Travail en Francophonie  <\/p>\n<\/div>\n\n\n\n<div class=\"wp-block-column is-layout-flow wp-block-column-is-layout-flow\">\n<p><a href=\"https:\/\/letravail.org\/\">Lien <\/a><\/p>\n<\/div>\n<\/div>\n\n\n\n<div class=\"wp-block-columns is-layout-flex wp-container-core-columns-is-layout-28f84493 wp-block-columns-is-layout-flex\">\n<div class=\"wp-block-column is-layout-flow wp-block-column-is-layout-flow\">\n<p>Site de Byron Katie<\/p>\n<\/div>\n\n\n\n<div class=\"wp-block-column is-layout-flow wp-block-column-is-layout-flow\">\n<p><a href=\"https:\/\/thework.com\/sites\/francais\/\">Lien <\/a><\/p>\n<\/div>\n<\/div>\n\n\n\n<p><a href=\"https:\/\/serendrelavieplusdouce.fr\/wp-content\/uploads\/2022\/11\/image-1.png\">&nbsp;<\/a><\/p>\n\n\n\n<p class=\"has-background\" style=\"background-color:#add0fea1\"><strong>Livres<\/strong><\/p>\n\n\n\n<div class=\"wp-block-columns is-layout-flex wp-container-core-columns-is-layout-28f84493 wp-block-columns-is-layout-flex\">\n<div class=\"wp-block-column is-layout-flow wp-block-column-is-layout-flow\" style=\"flex-basis:66.66%\">\n<p><strong>\u00ab\u00a0Aimer ce qui est\u00a0\u00bb Byron Katie<\/strong><br>Mon avis : le 1er livre \u00e0 lire de Byron Katie.<br>Tr\u00e8s tr\u00e8s int\u00e9ressant.<br>Donne \u00e0 la fois des indications sur l&rsquo;outil du Work et des s\u00e9ances de Work mettant en sc\u00e8ne Byron Katie et d&rsquo;autres personnes.<br>livre qui peut \u00eatre lu et relu et apporter encore et encore des \u00e9l\u00e9ments non per\u00e7us ou non conscientis\u00e9s \u00e0 la premi\u00e8re lecture<\/p>\n<\/div>\n\n\n\n<div class=\"wp-block-column is-layout-flow wp-block-column-is-layout-flow\" style=\"flex-basis:33.33%\">\n<figure class=\"wp-block-image size-full\"><img loading=\"lazy\" decoding=\"async\" width=\"162\" height=\"253\" src=\"https:\/\/serendrelavieplusdouce.fr\/wp-content\/uploads\/2022\/12\/Aimer-ce-qui-est.jpg\" alt=\"\" class=\"wp-image-1132\"\/><\/figure>\n<\/div>\n<\/div>\n\n\n\n<div class=\"wp-block-columns is-layout-flex wp-container-core-columns-is-layout-28f84493 wp-block-columns-is-layout-flex\">\n<div class=\"wp-block-column is-layout-flow wp-block-column-is-layout-flow\">\n<p><strong>Le petit livre: un extrait de \u00ab\u00a0Aimer ce qui est\u00a0\u00bb  <\/strong><\/p>\n<\/div>\n\n\n\n<div class=\"wp-block-column is-layout-flow wp-block-column-is-layout-flow\">\n<figure class=\"wp-block-image size-full\"><a href=\"https:\/\/serendrelavieplusdouce.fr\/wp-content\/uploads\/2022\/12\/BK-methode_ACQE-extrait2015.pdf\"><img loading=\"lazy\" decoding=\"async\" width=\"83\" height=\"88\" src=\"https:\/\/serendrelavieplusdouce.fr\/wp-content\/uploads\/2022\/11\/pour-pdf.jpg\" alt=\"\" class=\"wp-image-695\"\/><\/a><\/figure>\n<\/div>\n<\/div>\n","protected":false},"excerpt":{"rendered":"<p>Vid\u00e9os Conf\u00e9rence atelier dans le cadre du forum des m\u00e9decines de l&rsquo;\u00e2me Isabelle Rougier dur\u00e9e 45 mn Vid\u00e9o int\u00e9ressante et agr\u00e9able \u00e0 regarder , facilitation de Byron Katie\u00ab\u00a0Je veux rendre ma m\u00e8re heureuse \u00ab\u00a0 40 mn \u00ab\u00a0Comment le Work change la vie\u00a0\u00bb vid\u00e9o Interview avec V\u00e9ronique Kohn Les relations: aimer ce qui est. Interview Lilou &hellip;<\/p>\n<p class=\"read-more\"> <a class=\"\" href=\"https:\/\/serendrelavieplusdouce.fr\/?page_id=404\"> <span class=\"screen-reader-text\">Ressources Work<\/span> Lire la suite\u00a0\u00bb<\/a><\/p>\n","protected":false},"author":1,"featured_media":0,"parent":17,"menu_order":0,"comment_status":"closed","ping_status":"closed","template":"","meta":{"site-sidebar-layout":"default","site-content-layout":"default","ast-global-header-display":"","ast-banner-title-visibility":"","ast-main-header-display":"","ast-hfb-above-header-display":"","ast-hfb-below-header-display":"","ast-hfb-mobile-header-display":"","site-post-title":"","ast-breadcrumbs-content":"","ast-featured-img":"","footer-sml-layout":"","theme-transparent-header-meta":"","adv-header-id-meta":"","stick-header-meta":"","header-above-stick-meta":"","header-main-stick-meta":"","header-below-stick-meta":"","footnotes":""},"class_list":["post-404","page","type-page","status-publish","hentry"],"_links":{"self":[{"href":"https:\/\/serendrelavieplusdouce.fr\/index.php?rest_route=\/wp\/v2\/pages\/404","targetHints":{"allow":["GET"]}}],"collection":[{"href":"https:\/\/serendrelavieplusdouce.fr\/index.php?rest_route=\/wp\/v2\/pages"}],"about":[{"href":"https:\/\/serendrelavieplusdouce.fr\/index.php?rest_route=\/wp\/v2\/types\/page"}],"author":[{"embeddable":true,"href":"https:\/\/serendrelavieplusdouce.fr\/index.php?rest_route=\/wp\/v2\/users\/1"}],"replies":[{"embeddable":true,"href":"https:\/\/serendrelavieplusdouce.fr\/index.php?rest_route=%2Fwp%2Fv2%2Fcomments&post=404"}],"version-history":[{"count":46,"href":"https:\/\/serendrelavieplusdouce.fr\/index.php?rest_route=\/wp\/v2\/pages\/404\/revisions"}],"predecessor-version":[{"id":1138,"href":"https:\/\/serendrelavieplusdouce.fr\/index.php?rest_route=\/wp\/v2\/pages\/404\/revisions\/1138"}],"up":[{"embeddable":true,"href":"https:\/\/serendrelavieplusdouce.fr\/index.php?rest_route=\/wp\/v2\/pages\/17"}],"wp:attachment":[{"href":"https:\/\/serendrelavieplusdouce.fr\/index.php?rest_route=%2Fwp%2Fv2%2Fmedia&parent=404"}],"curies":[{"name":"wp","href":"https:\/\/api.w.org\/{rel}","templated":true}]}}