{"id":290,"date":"2022-11-01T06:51:12","date_gmt":"2022-11-01T05:51:12","guid":{"rendered":"http:\/\/serendrelavieplusdouce.fr\/?page_id=290"},"modified":"2022-11-29T14:36:36","modified_gmt":"2022-11-29T13:36:36","slug":"bienfaits-du-work-de-byron-katie","status":"publish","type":"page","link":"https:\/\/serendrelavieplusdouce.fr\/?page_id=290","title":{"rendered":"Bienfaits du Work de Byron Katie"},"content":{"rendered":"\n<p class=\"has-medium-font-size\">Les personnes qui pratiquent r\u00e9guli\u00e8rement le Travail font \u00e9tat de changements rapides dans leur vie :<\/p>\n\n\n\n<ul class=\"has-medium-font-size wp-block-list\">\n<li><strong>att\u00e9nuation de la d\u00e9pression :<\/strong>&nbsp;trouver une solution, voire m\u00eame le bonheur, dans des situations qui \u00e9taient parfois d\u00e9sesp\u00e9rantes.<\/li>\n\n\n\n<li><strong>diminution du stress :<\/strong>&nbsp;apprendre comment vivre avec moins d\u2019anxi\u00e9t\u00e9 ou de peur<\/li>\n\n\n\n<li><strong>am\u00e9lioration des relations :<\/strong>&nbsp;faire l\u2019exp\u00e9rience de liens plus \u00e9troits et de plus d\u2019intimit\u00e9 avec votre partenaire, vos parents, vos enfants, vos amis, et vous m\u00eame<\/li>\n\n\n\n<li><strong>diminution de la col\u00e8re :<\/strong>&nbsp;comprendre ce qui cr\u00e9e en vous col\u00e8re et ressentiment, et devenir moins r\u00e9actif, moins souvent, avec moins d\u2019intensit\u00e9.<\/li>\n\n\n\n<li><strong>augmentation de votre clart\u00e9 mentale :<\/strong>&nbsp;vivre et travailler plus intelligemment et plus efficacement, avec int\u00e9grit\u00e9.<\/li>\n\n\n\n<li><strong>plus d\u2019\u00e9nergie :<\/strong>&nbsp;Faire l\u2019exp\u00e9rience d\u2019une nouvelle sensation d\u2019\u00e9nergie et de bien-\u00eatre durable.<\/li>\n\n\n\n<li><strong>plus de paix :&nbsp;<\/strong>d\u00e9couvrir comment devenir \u00ab un amoureux de ce qui est \u00bb<\/li>\n\n\n\n<li><strong>plus de conscience<\/strong><\/li>\n<\/ul>\n\n\n\n<p><\/p>\n\n\n\n<p><\/p>\n\n\n\n<p class=\"has-background\" style=\"background-color:#add1ff33\"><strong>Eckart Toll\u00e9 <\/strong>     \u00ab<strong> Le Travail de Byron Katie est une b\u00e9n\u00e9diction pour la plan\u00e8te<\/strong>. La source premi\u00e8re de notre souffrance est l\u2019identification que nous avons avec nos pens\u00e9es, ces \u2018sc\u00e9narios\u2018 qui accaparent sans cesse notre mental. Le Travail de Byron Katie agit tel un rasoir au c\u0153ur m\u00eame de cette illusion et vous permet de conna\u00eetre l\u2019\u00e9ternelle essence de votre \u00eatre. Vous retrouvez votre \u00e9tat naturel : la joie, la paix, et l\u2019amour. \u00bb<br><\/p>\n\n\n\n<p class=\"has-background\" style=\"background-color:#edc40c21\"><strong>Claudette \u00a0Vidal<\/strong> :  \u00ab\u00a0Avez-vous r\u00e9alis\u00e9 que vous vivez votre vie selon les croyances que les autres et vous-m\u00eame vous ont inculqu\u00e9es \u00e0 propos de la vie ?  Que ces croyances vous font rechercher certaines exp\u00e9riences et en \u00e9viter d&rsquo;autres?\u00a0\u00bb<br>Extrait de son livre \u00ab\u00a0Cr\u00e9er sa vie\u00a0\u00bb  :   \u00ab\u00a0Pour dissoudre les croyances, je recommande particuli\u00e8rement l&rsquo;approche de Katie Byron \u00ab\u00a0The Work\u00a0\u00bb.<br>Son livre \u00ab\u00a0Aimer ce qui est\u00a0\u00bb et les vid\u00e9os en fran\u00e7ais sur \u00ab\u00a0The Work\u00a0\u00bb offrent un pr\u00e9cieux soutien \u00a0\u00bb <\/p>\n","protected":false},"excerpt":{"rendered":"<p>Les personnes qui pratiquent r\u00e9guli\u00e8rement le Travail font \u00e9tat de changements rapides dans leur vie : Eckart Toll\u00e9 \u00ab Le Travail de Byron Katie est une b\u00e9n\u00e9diction pour la plan\u00e8te. La source premi\u00e8re de notre souffrance est l\u2019identification que nous avons avec nos pens\u00e9es, ces \u2018sc\u00e9narios\u2018 qui accaparent sans cesse notre mental. Le Travail de &hellip;<\/p>\n<p class=\"read-more\"> <a class=\"\" href=\"https:\/\/serendrelavieplusdouce.fr\/?page_id=290\"> <span class=\"screen-reader-text\">Bienfaits du Work de Byron Katie<\/span> Lire la suite\u00a0\u00bb<\/a><\/p>\n","protected":false},"author":1,"featured_media":0,"parent":7,"menu_order":0,"comment_status":"closed","ping_status":"closed","template":"","meta":{"site-sidebar-layout":"default","site-content-layout":"default","ast-global-header-display":"","ast-banner-title-visibility":"","ast-main-header-display":"","ast-hfb-above-header-display":"","ast-hfb-below-header-display":"","ast-hfb-mobile-header-display":"","site-post-title":"","ast-breadcrumbs-content":"","ast-featured-img":"","footer-sml-layout":"","theme-transparent-header-meta":"","adv-header-id-meta":"","stick-header-meta":"","header-above-stick-meta":"","header-main-stick-meta":"","header-below-stick-meta":"","footnotes":""},"class_list":["post-290","page","type-page","status-publish","hentry"],"_links":{"self":[{"href":"https:\/\/serendrelavieplusdouce.fr\/index.php?rest_route=\/wp\/v2\/pages\/290","targetHints":{"allow":["GET"]}}],"collection":[{"href":"https:\/\/serendrelavieplusdouce.fr\/index.php?rest_route=\/wp\/v2\/pages"}],"about":[{"href":"https:\/\/serendrelavieplusdouce.fr\/index.php?rest_route=\/wp\/v2\/types\/page"}],"author":[{"embeddable":true,"href":"https:\/\/serendrelavieplusdouce.fr\/index.php?rest_route=\/wp\/v2\/users\/1"}],"replies":[{"embeddable":true,"href":"https:\/\/serendrelavieplusdouce.fr\/index.php?rest_route=%2Fwp%2Fv2%2Fcomments&post=290"}],"version-history":[{"count":9,"href":"https:\/\/serendrelavieplusdouce.fr\/index.php?rest_route=\/wp\/v2\/pages\/290\/revisions"}],"predecessor-version":[{"id":1052,"href":"https:\/\/serendrelavieplusdouce.fr\/index.php?rest_route=\/wp\/v2\/pages\/290\/revisions\/1052"}],"up":[{"embeddable":true,"href":"https:\/\/serendrelavieplusdouce.fr\/index.php?rest_route=\/wp\/v2\/pages\/7"}],"wp:attachment":[{"href":"https:\/\/serendrelavieplusdouce.fr\/index.php?rest_route=%2Fwp%2Fv2%2Fmedia&parent=290"}],"curies":[{"name":"wp","href":"https:\/\/api.w.org\/{rel}","templated":true}]}}