{"id":19,"date":"2022-10-16T21:29:27","date_gmt":"2022-10-16T19:29:27","guid":{"rendered":"http:\/\/serendrelavieplusdouce.fr\/?page_id=19"},"modified":"2025-09-21T12:26:58","modified_gmt":"2025-09-21T10:26:58","slug":"mon-chemin","status":"publish","type":"page","link":"https:\/\/serendrelavieplusdouce.fr\/?page_id=19","title":{"rendered":"Mon chemin"},"content":{"rendered":"\n<p><\/p>\n\n\n\n<figure class=\"wp-block-image alignleft size-medium is-style-rounded\"><img loading=\"lazy\" decoding=\"async\" width=\"229\" height=\"300\" src=\"https:\/\/serendrelavieplusdouce.fr\/wp-content\/uploads\/2023\/02\/isav2-229x300.jpg\" alt=\"\" class=\"wp-image-1294\" srcset=\"https:\/\/serendrelavieplusdouce.fr\/wp-content\/uploads\/2023\/02\/isav2-229x300.jpg 229w, https:\/\/serendrelavieplusdouce.fr\/wp-content\/uploads\/2023\/02\/isav2-781x1024.jpg 781w, https:\/\/serendrelavieplusdouce.fr\/wp-content\/uploads\/2023\/02\/isav2-768x1006.jpg 768w, https:\/\/serendrelavieplusdouce.fr\/wp-content\/uploads\/2023\/02\/isav2-rotated.jpg 1031w\" sizes=\"auto, (max-width: 229px) 100vw, 229px\" \/><\/figure>\n\n\n\n<p><\/p>\n\n\n\n<p><\/p>\n\n\n\n<p>D\u00e8s mon adolescence, j\u2019ai essay\u00e9 de comprendre ce qui, nous humains, nous conduisait \u00e0 agir de telle ou telle mani\u00e8re.<br>A cette \u00e9poque, j\u2019ai lu Freud et Jung, des revues de psychologie &nbsp;et tout ce qui me tombait entre les mains.<br>Et cela allait de de l&rsquo; Analyse Transactionnelle \u00e0 la bio\u00e9nergie, de Denise Desjardins \u00e0 Wilhelm Reich, de Boris Cyrulnik \u00e0 Bruno Bettelheim ou \u00e0 Jacques Salom\u00e9.<\/p>\n\n\n\n<p><\/p>\n\n\n\n<p><\/p>\n\n\n\n<p>Ma r\u00e9ussite scolaire, mes facilit\u00e9s en Math\u00e9matiques, mon envie de transmettre m\u2019ont conduit vers l\u2019enseignement des Math\u00e9matiques. J\u2019ai aim\u00e9 ce m\u00e9tier que j\u2019ai exerc\u00e9 longtemps en Universit\u00e9 et en Ecole d\u2019Ing\u00e9nieurs.<\/p>\n\n\n\n<p>Tout en \u00e9tant prise par mon m\u00e9tier, j\u2019ai continu\u00e9 \u00e0 beaucoup lire autour de la psychologie, du d\u00e9veloppement personnel et spirituel.<\/p>\n\n\n\n<p>Des difficult\u00e9s relationnelles avec ma deuxi\u00e8me fille m\u2019ont amen\u00e9 \u00e0 chercher tout ce qui pouvait m\u2019aider ou m&rsquo;apporter du soutien. J\u2019ai ainsi abord\u00e9 diff\u00e9rents types de th\u00e9rapies, particip\u00e9 \u00e0 nombre de constellations familiales, explor\u00e9 la CNV (communication non violente), particip\u00e9 \u00e0 diff\u00e9rents stages de gu\u00e9rison, utilis\u00e9 la m\u00e9thode Gordon.<\/p>\n\n\n\n<p>En 2012, j\u2019ai commenc\u00e9 \u00e0 participer \u00e0 des ateliers de Work de Byron Katie. Cet outil m\u2019est apparu tr\u00e8s rapidement comme tr\u00e8s puissant pour faciliter les relations avec tous mes proches.<br>Il m\u2019a permis d\u2019am\u00e9liorer les relations avec mon entourage, de devenir plus sereine, d\u2019avoir plus de clart\u00e9 dans mes d\u00e9cisions, de prendre davantage de recul en investiguant mes pens\u00e9es.<\/p>\n\n\n\n<p>Enthousiasm\u00e9e par ce que cet outil m\u2019apportait dans ma vie, j\u2019ai eu l\u2019envie de me former aupr\u00e8s de Byron Katie (School), puis de continuer la formation avec ITW (organisme international \u00ab&nbsp;autour du Work&nbsp;\u00bb)&nbsp;<\/p>\n\n\n\n<p>En parall\u00e8le, j\u2019ai commenc\u00e9 \u00e0 suivre les enseignements de Claudette Vidal (enseignante de spiritualit\u00e9) avec de nombreuses retraites, formations, webinaires et m\u00e9ditations hebdomadaires.<\/p>\n\n\n\n<p>Et j\u2019ai continu\u00e9 \u00e0 lire et \u00e0 \u00e9couter des vid\u00e9os, quasiment de mani\u00e8re quotidienne . Du dala\u00ee Lama \u00e0 Lise Bourbeau, d\u2019Isabelle Padovani \u00e0 Thierry Jansen, de Deepack Chopra \u00e0 Fr\u00e9d\u00e9ric Lenoir, de Christiane Singer \u00e0 Byron Katie, de Christophe Andr\u00e9 \u00e0 Eckart Tolle, d\u2019Alexandre Jollien ou Matthieu Ricard \u00e0 Claudette Vidal.<\/p>\n\n\n\n<figure class=\"wp-block-image alignright size-full\"><img loading=\"lazy\" decoding=\"async\" width=\"225\" height=\"225\" src=\"https:\/\/serendrelavieplusdouce.fr\/wp-content\/uploads\/2022\/11\/chemin-vers-soleil2.jpg\" alt=\"\" class=\"wp-image-321\" srcset=\"https:\/\/serendrelavieplusdouce.fr\/wp-content\/uploads\/2022\/11\/chemin-vers-soleil2.jpg 225w, https:\/\/serendrelavieplusdouce.fr\/wp-content\/uploads\/2022\/11\/chemin-vers-soleil2-150x150.jpg 150w\" sizes=\"auto, (max-width: 225px) 100vw, 225px\" \/><\/figure>\n\n\n\n<p>J\u2019ai utilis\u00e9 le Work au quotidien dans ma vie, et il m\u2019a permis de regarder autrement n\u2019importe quelle situation et de moins souffrir, d\u2019aller vers l\u2019acceptation totale de mes proches et de les aimer ainsi davantage, de gagner en s\u00e9r\u00e9nit\u00e9, en joie et en libert\u00e9. Apr\u00e8s avoir per\u00e7u tous ces bienfaits et m\u2019\u00eatre form\u00e9e,&nbsp; j\u2019ai eu un \u00e9lan tr\u00e8s fort pour diffuser ce magnifique outil, le faire connaitre et pour accompagner d\u2019autres personnes \u00e0 se rendre la vie plus douce.<\/p>\n\n\n\n<p>J\u2019ai commenc\u00e9 par animer des ateliers chez moi, puis j\u2019ai \u00e9t\u00e9 proposante \u00e0 l\u2019Espace de Possibles, &nbsp;j\u2019ai donn\u00e9 des conf\u00e9rences sur le Work et j\u2019ai organis\u00e9 des ateliers hebdomadaires par zoom.<\/p>\n\n\n\n<p>Le bouche \u00e0 oreille a fonctionn\u00e9 et de nouvelles personnes de toute la France ont ainsi d\u00e9couvert le Work par ces ateliers. J\u2019ai ensuite propos\u00e9 des s\u00e9ances d\u2019accompagnement avec le Work de Byron Katie et d&rsquo;autres outils issus de mes diff\u00e9rentes formations.<\/p>\n\n\n\n<p>Avec la joie et l\u2019enthousiasme d\u2019accompagner des personnes vers une vie plus douce, j\u2019ai ensuite d\u00e9missionn\u00e9 de mon poste d\u2019enseignante \u00e0 l&rsquo;Universit\u00e9 et en Ecole d\u2019ing\u00e9nieurs .<br> Je consacre ainsi maintenant depuis plusieurs ann\u00e9es, avec plaisir, une partie de mon temps et de mon \u00e9nergie \u00e0 des s\u00e9ances individuelles d&rsquo;accompagnement, accompagnement holistique, th\u00e9rapeutique et spirituel en m&rsquo;adaptant \u00e0 chaque personne, \u00e0 chaque situation, en me laissant traverser pas ce qui me vient pour cette personne .   <\/p>\n","protected":false},"excerpt":{"rendered":"<p>D\u00e8s mon adolescence, j\u2019ai essay\u00e9 de comprendre ce qui, nous humains, nous conduisait \u00e0 agir de telle ou telle mani\u00e8re.A cette \u00e9poque, j\u2019ai lu Freud et Jung, des revues de psychologie &nbsp;et tout ce qui me tombait entre les mains.Et cela allait de de l&rsquo; Analyse Transactionnelle \u00e0 la bio\u00e9nergie, de Denise Desjardins \u00e0 Wilhelm &hellip;<\/p>\n<p class=\"read-more\"> <a class=\"\" href=\"https:\/\/serendrelavieplusdouce.fr\/?page_id=19\"> <span class=\"screen-reader-text\">Mon chemin<\/span> Lire la suite\u00a0\u00bb<\/a><\/p>\n","protected":false},"author":1,"featured_media":0,"parent":7,"menu_order":4,"comment_status":"closed","ping_status":"closed","template":"","meta":{"site-sidebar-layout":"default","site-content-layout":"default","ast-global-header-display":"","ast-banner-title-visibility":"","ast-main-header-display":"","ast-hfb-above-header-display":"","ast-hfb-below-header-display":"","ast-hfb-mobile-header-display":"","site-post-title":"","ast-breadcrumbs-content":"","ast-featured-img":"","footer-sml-layout":"","theme-transparent-header-meta":"","adv-header-id-meta":"","stick-header-meta":"","header-above-stick-meta":"","header-main-stick-meta":"","header-below-stick-meta":"","footnotes":""},"class_list":["post-19","page","type-page","status-publish","hentry"],"_links":{"self":[{"href":"https:\/\/serendrelavieplusdouce.fr\/index.php?rest_route=\/wp\/v2\/pages\/19","targetHints":{"allow":["GET"]}}],"collection":[{"href":"https:\/\/serendrelavieplusdouce.fr\/index.php?rest_route=\/wp\/v2\/pages"}],"about":[{"href":"https:\/\/serendrelavieplusdouce.fr\/index.php?rest_route=\/wp\/v2\/types\/page"}],"author":[{"embeddable":true,"href":"https:\/\/serendrelavieplusdouce.fr\/index.php?rest_route=\/wp\/v2\/users\/1"}],"replies":[{"embeddable":true,"href":"https:\/\/serendrelavieplusdouce.fr\/index.php?rest_route=%2Fwp%2Fv2%2Fcomments&post=19"}],"version-history":[{"count":15,"href":"https:\/\/serendrelavieplusdouce.fr\/index.php?rest_route=\/wp\/v2\/pages\/19\/revisions"}],"predecessor-version":[{"id":1675,"href":"https:\/\/serendrelavieplusdouce.fr\/index.php?rest_route=\/wp\/v2\/pages\/19\/revisions\/1675"}],"up":[{"embeddable":true,"href":"https:\/\/serendrelavieplusdouce.fr\/index.php?rest_route=\/wp\/v2\/pages\/7"}],"wp:attachment":[{"href":"https:\/\/serendrelavieplusdouce.fr\/index.php?rest_route=%2Fwp%2Fv2%2Fmedia&parent=19"}],"curies":[{"name":"wp","href":"https:\/\/api.w.org\/{rel}","templated":true}]}}