{"id":14,"date":"2022-10-16T21:27:54","date_gmt":"2022-10-16T19:27:54","guid":{"rendered":"http:\/\/serendrelavieplusdouce.fr\/?page_id=14"},"modified":"2025-09-20T20:06:40","modified_gmt":"2025-09-20T18:06:40","slug":"le-work-de-byron-katie","status":"publish","type":"page","link":"https:\/\/serendrelavieplusdouce.fr\/?page_id=14","title":{"rendered":"Work Byron Katie"},"content":{"rendered":"\n<div style=\"height:17px\" aria-hidden=\"true\" class=\"wp-block-spacer\"><\/div>\n\n\n\n<figure class=\"wp-block-image alignright size-full is-style-rounded\"><img loading=\"lazy\" decoding=\"async\" width=\"220\" height=\"147\" src=\"https:\/\/serendrelavieplusdouce.fr\/wp-content\/uploads\/2022\/11\/220px-Byron_Katie_2.jpg\" alt=\"\" class=\"wp-image-349\"\/><\/figure>\n\n\n\n<p class=\"has-large-font-size\">Le Work de Byron Katie<\/p>\n\n\n\n<p>Le Work est une&nbsp;<strong>d\u00e9marche simple et puissante de questionnement personnel&nbsp;<\/strong>qui apprend \u00e0 identifier et questionner les pens\u00e9es qui sont responsables de votre souffrance. C\u2019est un moyen de comprendre ce qui vous blesse, et d\u2019aborder vos probl\u00e8mes avec clart\u00e9.<\/p>\n\n\n\n<div style=\"height:14px\" aria-hidden=\"true\" class=\"wp-block-spacer\"><\/div>\n\n\n\n<p style=\"font-size:18px\">Les personnes qui pratiquent r\u00e9guli\u00e8rement le Travail font \u00e9tat de changements dans leur vie.<br>Quelques bienfaits du Work :<\/p>\n\n\n\n<ul style=\"font-size:17px\" class=\"wp-block-list\">\n<li><strong>att\u00e9nuation de la d\u00e9pression :<\/strong>&nbsp;trouver une solution, voire m\u00eame le bonheur, dans des situations qui \u00e9taient parfois d\u00e9sesp\u00e9rantes.<\/li>\n\n\n\n<li><strong>diminution du stress :<\/strong>&nbsp;apprendre comment vivre avec moins d\u2019anxi\u00e9t\u00e9 ou de peur<\/li>\n\n\n\n<li><strong>am\u00e9lioration des relations :<\/strong>&nbsp;faire l\u2019exp\u00e9rience de liens plus \u00e9troits et de plus d\u2019intimit\u00e9 avec votre partenaire, vos parents, vos enfants, vos amis, et vous-m\u00eame.<\/li>\n\n\n\n<li><strong>diminution de la col\u00e8re :<\/strong>&nbsp;comprendre ce qui cr\u00e9e en vous col\u00e8re et ressentiment, et devenir moins r\u00e9actif, moins souvent, avec moins d\u2019intensit\u00e9.<\/li>\n\n\n\n<li><strong>augmentation de votre clart\u00e9 mentale :<\/strong>&nbsp;vivre et travailler plus intelligemment et plus efficacement, avec int\u00e9grit\u00e9.<\/li>\n\n\n\n<li><strong>plus d\u2019\u00e9nergie :<\/strong>&nbsp;faire l\u2019exp\u00e9rience d\u2019une nouvelle sensation d\u2019\u00e9nergie et de bien-\u00eatre durable<\/li>\n\n\n\n<li><strong>plus de paix :&nbsp;<\/strong>d\u00e9couvrir comment devenir \u00ab un amoureux de ce qui est\u00bb<\/li>\n\n\n\n<li><strong>plus de conscience<\/strong><\/li>\n<\/ul>\n\n\n\n<p><\/p>\n\n\n\n<p class=\"has-ast-global-color-0-color has-text-color has-background\" style=\"background-color:#eec50b52;font-size:17px;font-style:normal;font-weight:600\">Le Work permet d\u2019identifier ses croyances et ses conditionnements, de les remettre en question et de s\u2019en lib\u00e9rer. C\u2019est un moyen pour trouver la paix avec soi et avec le monde.<\/p>\n\n\n\n<div style=\"height:30px\" aria-hidden=\"true\" class=\"wp-block-spacer\"><\/div>\n\n\n\n<p class=\"has-medium-font-size\"><em>\u00ab\u00a0<\/em><strong><em>Nous ne souffrons que lorsque nous croyons une pens\u00e9e qui s&rsquo;oppose \u00e0 ce qui est<\/em>\u00a0\u00bb  Byron Katie<\/strong><\/p>\n\n\n\n<p class=\"has-ast-global-color-0-color has-text-color has-background\" style=\"background-color:#eec50b52;font-size:17px;font-style:normal;font-weight:600\"><strong>Eckart Toll\u00e9\u00a0: \u00a0<\/strong>\u00ab Le Travail de Byron Katie est une b\u00e9n\u00e9diction pour la plan\u00e8te. La source premi\u00e8re de notre souffrance est l\u2019identification que nous avons avec nos pens\u00e9es, ces \u2018sc\u00e9narios\u2018 qui accaparent sans cesse notre mental. Le Travail de Byron Katie agit tel un rasoir au c\u0153ur m\u00eame de cette illusion et vous permet de conna\u00eetre l\u2019\u00e9ternelle essence de votre \u00eatre. Vous retrouvez votre \u00e9tat naturel : la joie, la paix, et l\u2019amour. \u00bb<\/p>\n\n\n\n<p class=\"has-background\" style=\"background-color:#add1ff33\"><strong>Claudette \u00a0Vidal<\/strong> : \u00ab\u00a0Avez-vous r\u00e9alis\u00e9 que vous vivez votre vie selon les croyances que les autres et vous-m\u00eame vous ont inculqu\u00e9es \u00e0 propos de la vie ? <br>Que ces croyances vous font rechercher certaines exp\u00e9riences et en \u00e9viter d&rsquo;autres?\u00a0\u00bb<br>Extrait de son livre \u00ab\u00a0Cr\u00e9er sa vie\u00a0\u00bb : <br><strong>\u00ab\u00a0Pour dissoudre les croyances, je recommande particuli\u00e8rement l&rsquo;approche de Katie Byron \u00ab\u00a0The Work\u00a0\u00bb.<\/strong><br>Son livre \u00ab\u00a0Aimer ce qui est\u00a0\u00bb et les vid\u00e9os en fran\u00e7ais sur \u00ab\u00a0The Work\u00a0\u00bb offrent un pr\u00e9cieux soutien \u00ab\u00a0<\/p>\n\n\n\n<p class=\"has-background\" style=\"background-color:#edc40c05\"><strong>Qui est Byron Katie&nbsp;?<\/strong><\/p>\n\n\n\n<p style=\"font-size:16px\">Byron Katie est la fondatrice du Work, elle est am\u00e9ricaine, et elle a v\u00e9cu une d\u00e9pression profonde vers la trentaine dans les ann\u00e9es 80. <br>En 1986, elle est sortie brutalement de cette d\u00e9pression et a connu un \u00e9veil. <br>Elle s\u2019est alors rendu compte que ce qui avait caus\u00e9 sa d\u00e9pression n\u2019\u00e9tait pas le monde autour d\u2019elle, mais ce qu\u2019elle croyait concernant le monde autour d\u2019elle.<br> Au lieu d\u2019essayer d\u00e9sesp\u00e9r\u00e9ment de changer le monde pour qu\u2019il corresponde \u00e0 ses pens\u00e9es sur ce qu\u2019il \u00ab devrait \u00eatre \u00bb, elle put questionner ces pens\u00e9es et, en rencontrant la r\u00e9alit\u00e9 telle qu\u2019elle est, \u00e9prouver une libert\u00e9 et une joie inimaginables.<br> Depuis 1986 le Work s\u2019est r\u00e9pandu partout dans le monde et des millions de personnes le pratiquent.<\/p>\n\n\n\n<p><\/p>\n\n\n\n<p><\/p>\n","protected":false},"excerpt":{"rendered":"<p>Le Work de Byron Katie Le Work est une&nbsp;d\u00e9marche simple et puissante de questionnement personnel&nbsp;qui apprend \u00e0 identifier et questionner les pens\u00e9es qui sont responsables de votre souffrance. C\u2019est un moyen de comprendre ce qui vous blesse, et d\u2019aborder vos probl\u00e8mes avec clart\u00e9. Les personnes qui pratiquent r\u00e9guli\u00e8rement le Travail font \u00e9tat de changements dans &hellip;<\/p>\n<p class=\"read-more\"> <a class=\"\" href=\"https:\/\/serendrelavieplusdouce.fr\/?page_id=14\"> <span class=\"screen-reader-text\">Work Byron Katie<\/span> Lire la suite\u00a0\u00bb<\/a><\/p>\n","protected":false},"author":1,"featured_media":0,"parent":0,"menu_order":4,"comment_status":"closed","ping_status":"closed","template":"","meta":{"site-sidebar-layout":"default","site-content-layout":"default","ast-global-header-display":"","ast-banner-title-visibility":"","ast-main-header-display":"","ast-hfb-above-header-display":"","ast-hfb-below-header-display":"","ast-hfb-mobile-header-display":"","site-post-title":"disabled","ast-breadcrumbs-content":"","ast-featured-img":"","footer-sml-layout":"","theme-transparent-header-meta":"","adv-header-id-meta":"","stick-header-meta":"","header-above-stick-meta":"","header-main-stick-meta":"","header-below-stick-meta":"","footnotes":""},"class_list":["post-14","page","type-page","status-publish","hentry"],"_links":{"self":[{"href":"https:\/\/serendrelavieplusdouce.fr\/index.php?rest_route=\/wp\/v2\/pages\/14","targetHints":{"allow":["GET"]}}],"collection":[{"href":"https:\/\/serendrelavieplusdouce.fr\/index.php?rest_route=\/wp\/v2\/pages"}],"about":[{"href":"https:\/\/serendrelavieplusdouce.fr\/index.php?rest_route=\/wp\/v2\/types\/page"}],"author":[{"embeddable":true,"href":"https:\/\/serendrelavieplusdouce.fr\/index.php?rest_route=\/wp\/v2\/users\/1"}],"replies":[{"embeddable":true,"href":"https:\/\/serendrelavieplusdouce.fr\/index.php?rest_route=%2Fwp%2Fv2%2Fcomments&post=14"}],"version-history":[{"count":21,"href":"https:\/\/serendrelavieplusdouce.fr\/index.php?rest_route=\/wp\/v2\/pages\/14\/revisions"}],"predecessor-version":[{"id":1669,"href":"https:\/\/serendrelavieplusdouce.fr\/index.php?rest_route=\/wp\/v2\/pages\/14\/revisions\/1669"}],"wp:attachment":[{"href":"https:\/\/serendrelavieplusdouce.fr\/index.php?rest_route=%2Fwp%2Fv2%2Fmedia&parent=14"}],"curies":[{"name":"wp","href":"https:\/\/api.w.org\/{rel}","templated":true}]}}