{"id":136,"date":"2022-10-28T05:19:46","date_gmt":"2022-10-28T03:19:46","guid":{"rendered":"http:\/\/serendrelavieplusdouce.fr\/?page_id=136"},"modified":"2023-07-12T16:54:25","modified_gmt":"2023-07-12T14:54:25","slug":"ateliers-a-themes","status":"publish","type":"page","link":"https:\/\/serendrelavieplusdouce.fr\/?page_id=136","title":{"rendered":"Ateliers \u00e0 th\u00e8me"},"content":{"rendered":"\n<p>Les th\u00e8mes sont vari\u00e9s\u00a0:  les croyances universelles ,l\u2019argent , le temps, le cadeau de la critique , les conflits , les peurs, \u2026.<\/p>\n\n\n\n<p>Pour ces ateliers<\/p>\n\n\n\n<ul class=\"wp-block-list\">\n<li>il n&rsquo; y a&nbsp;pas de n\u00e9cessit\u00e9 de suivi<\/li>\n\n\n\n<li>&nbsp;les ateliers sont plac\u00e9s volontairement sur des jours de la semaine diff\u00e9rents suivant les ateliers pour permettre \u00e0 chacun de participer suivant ses disponibilit\u00e9s<\/li>\n\n\n\n<li><strong>il est n\u00e9cessaire d&rsquo;avoir particip\u00e9 au moins une fois \u00e0 l&rsquo;atelier d\u00e9couverte gratuit avant de participer \u00e0 un atelier \u00e0 th\u00e8me<\/strong><\/li>\n\n\n\n<li>il est tout \u00e0 fait possible et m\u00eame int\u00e9ressant de participer plusieurs fois \u00e0 un atelier qui a le m\u00eame th\u00e8me, cela permet d&rsquo;approfondir et la partie \u00ab\u00a0Work \u00e0 deux \u00a0\u00bb est toujours diff\u00e9rente. Le groupe et  les \u00e9changes-partages sont diff\u00e9rents chaque fois.<\/li>\n<\/ul>\n\n\n\n<p><\/p>\n\n\n\n<p class=\"has-background\" style=\"background-color:#eec50b52\"><strong>Les \u00ab\u00a0plus\u00a0\u00bb de ces ateliers<\/strong> <\/p>\n\n\n\n<ul class=\"wp-block-list\">\n<li>ces ateliers constituent une vraie pratique et permettent progressivement de maitriser l\u2019outil du Work. Vous pourrez l\u2019avoir ainsi \u00e0 disposition \u00e0 tout moment<\/li>\n\n\n\n<li>ces ateliers vous permettront d\u2019explorer vos croyances dans diff\u00e9rents domaines  et d\u2019en sentir imm\u00e9diatement les bienfaits dans votre vie&nbsp;&nbsp;&nbsp;<\/li>\n\n\n\n<li>&nbsp;vous aurez l&rsquo;opportunit\u00e9 d&rsquo;\u00eatre accompagn\u00e9 dans votre Work par une autre personne, exp\u00e9riment\u00e9e le plus souvent,  ce qui vous permettra d&rsquo;aller plus loin dans vos d\u00e9couvertes<\/li>\n\n\n\n<li>vous approfondirez le r\u00f4le tr\u00e8s int\u00e9ressant du facilitateur, ce qui permet notamment de d\u00e9velopper son \u00e9coute en bienveillance, sa pr\u00e9sence \u00e0 l\u2019autre.<\/li>\n\n\n\n<li>en vous entrainant \u00e0 \u00eatre facilitateur, vous pourrez faciliter plus facilement des personnes de votre entourage. <br>Cela pourra leur apporter un soutien important<\/li>\n\n\n\n<li>en vous entrainant \u00e0 \u00eatre facilitateur, vous pourrez vous faciliter plus facilement  et vous aider \u00e0 vous lib\u00e9rer d&rsquo;une contrari\u00e9t\u00e9 ou difficult\u00e9 \u00e0 tout moment<\/li>\n\n\n\n<li>vous b\u00e9n\u00e9ficierez des partages et d\u00e9couvertes des autres participants<\/li>\n\n\n\n<li>vous pourrez \u00e9changer dans un moment de bienveillance et de respect avec des personnes dans une d\u00e9marche d\u2019\u00e9volution proche de la votre<\/li>\n\n\n\n<li>vous b\u00e9n\u00e9ficierez de mon \u00e9clairage, celui d\u2019une personne form\u00e9e au Work avec Byron Katie, d&rsquo;une personne qui le pratique depuis plus de 10 ans, seule avec d\u2019autres personnes, en ateliers, ou en s\u00e9ances d\u2019accompagnement.<\/li>\n<\/ul>\n\n\n\n<p>et tout cela en restant confortablement install\u00e9-e chez vous, sans perte de temps et d\u2019argent en d\u00e9placement puisque ces ateliers sont propos\u00e9s par zoom*<\/p>\n\n\n\n<p><strong>Ces ateliers sont payants :15e la soir\u00e9e ( et \u00e9ventuellement moins si petits moyens financiers).<\/strong><br>L&rsquo;argent ne doit pas \u00eatre un frein, si vous \u00eates en difficult\u00e9 financi\u00e8re,&nbsp; les ateliers peuvent \u00eatre \u00e0 participation r\u00e9duite ou offerts (m\u2019envoyer un mail).<\/p>\n\n\n\n<div class=\"wp-block-columns is-layout-flex wp-container-core-columns-is-layout-28f84493 wp-block-columns-is-layout-flex\">\n<div class=\"wp-block-column is-layout-flow wp-block-column-is-layout-flow\">\n<p>Paiement  par virement<\/p>\n<\/div>\n\n\n\n<div class=\"wp-block-column is-layout-flow wp-block-column-is-layout-flow\">\n<p><\/p>\n<\/div>\n\n\n\n<div class=\"wp-block-column is-layout-flow wp-block-column-is-layout-flow\"><\/div>\n<\/div>\n\n\n\n<p class=\"has-background\" style=\"background-color:#eec50b52\"><strong>Atelier 19h-22h environ<\/strong> &#8211;<strong>Dur\u00e9e et d\u00e9roul\u00e9 de l&rsquo;atelier<\/strong><\/p>\n\n\n\n<p><strong>S\u00e9quence 1<\/strong>: 1h15 environ en groupe \u00e0 partir de 19h<br><strong>S\u00e9quence 2<\/strong> : 1h au moins de Travail par deux \u00e0 faire entre  20h15 et 21h15&nbsp;environ<br>Je reste disponible pendant la s\u00e9quence n\u00b02 pour vous aider si n\u00e9cessaire<br>Ces facilitations par bin\u00f4me&nbsp;ont lieu avec zoom o\u00f9 je peux vous placer dans de petites salles \u00e0 deux<br><strong>S\u00e9quence 3&nbsp;:&nbsp;<\/strong>retour dans le groupe vers 21h15 pour partage sur les d\u00e9couvertes, questions, \u00e9changes.<br>Fin de l&rsquo;atelier vers 22h<br><\/p>\n","protected":false},"excerpt":{"rendered":"<p>Les th\u00e8mes sont vari\u00e9s\u00a0: les croyances universelles ,l\u2019argent , le temps, le cadeau de la critique , les conflits , les peurs, \u2026. Pour ces ateliers Les \u00ab\u00a0plus\u00a0\u00bb de ces ateliers et tout cela en restant confortablement install\u00e9-e chez vous, sans perte de temps et d\u2019argent en d\u00e9placement puisque ces ateliers sont propos\u00e9s par zoom* &hellip;<\/p>\n<p class=\"read-more\"> <a class=\"\" href=\"https:\/\/serendrelavieplusdouce.fr\/?page_id=136\"> <span class=\"screen-reader-text\">Ateliers \u00e0 th\u00e8me<\/span> Lire la suite\u00a0\u00bb<\/a><\/p>\n","protected":false},"author":1,"featured_media":0,"parent":1250,"menu_order":0,"comment_status":"closed","ping_status":"closed","template":"","meta":{"site-sidebar-layout":"default","site-content-layout":"default","ast-global-header-display":"","ast-banner-title-visibility":"","ast-main-header-display":"","ast-hfb-above-header-display":"","ast-hfb-below-header-display":"","ast-hfb-mobile-header-display":"","site-post-title":"","ast-breadcrumbs-content":"","ast-featured-img":"","footer-sml-layout":"","theme-transparent-header-meta":"","adv-header-id-meta":"","stick-header-meta":"","header-above-stick-meta":"","header-main-stick-meta":"","header-below-stick-meta":"","footnotes":""},"class_list":["post-136","page","type-page","status-publish","hentry"],"_links":{"self":[{"href":"https:\/\/serendrelavieplusdouce.fr\/index.php?rest_route=\/wp\/v2\/pages\/136","targetHints":{"allow":["GET"]}}],"collection":[{"href":"https:\/\/serendrelavieplusdouce.fr\/index.php?rest_route=\/wp\/v2\/pages"}],"about":[{"href":"https:\/\/serendrelavieplusdouce.fr\/index.php?rest_route=\/wp\/v2\/types\/page"}],"author":[{"embeddable":true,"href":"https:\/\/serendrelavieplusdouce.fr\/index.php?rest_route=\/wp\/v2\/users\/1"}],"replies":[{"embeddable":true,"href":"https:\/\/serendrelavieplusdouce.fr\/index.php?rest_route=%2Fwp%2Fv2%2Fcomments&post=136"}],"version-history":[{"count":17,"href":"https:\/\/serendrelavieplusdouce.fr\/index.php?rest_route=\/wp\/v2\/pages\/136\/revisions"}],"predecessor-version":[{"id":1458,"href":"https:\/\/serendrelavieplusdouce.fr\/index.php?rest_route=\/wp\/v2\/pages\/136\/revisions\/1458"}],"up":[{"embeddable":true,"href":"https:\/\/serendrelavieplusdouce.fr\/index.php?rest_route=\/wp\/v2\/pages\/1250"}],"wp:attachment":[{"href":"https:\/\/serendrelavieplusdouce.fr\/index.php?rest_route=%2Fwp%2Fv2%2Fmedia&parent=136"}],"curies":[{"name":"wp","href":"https:\/\/api.w.org\/{rel}","templated":true}]}}