{"id":1267,"date":"2023-02-21T12:10:57","date_gmt":"2023-02-21T11:10:57","guid":{"rendered":"https:\/\/serendrelavieplusdouce.fr\/?page_id=1267"},"modified":"2023-02-23T08:50:03","modified_gmt":"2023-02-23T07:50:03","slug":"atelier-base-approfondissement-du-work","status":"publish","type":"page","link":"https:\/\/serendrelavieplusdouce.fr\/?page_id=1267","title":{"rendered":"Atelier base-approfondissement du Work"},"content":{"rendered":"\n<p><strong>Pour participer \u00e0 ce type d&rsquo;atelier, il est n\u00e9cessaire d&rsquo;avoir particip\u00e9 d&rsquo;abord \u00e0 l&rsquo;atelier  d\u00e9couverte (atelier initial). <\/strong><br>Les ateliers base-approfondissement du Work permettent aux participants de mieux connaitre le Work et d&rsquo;en avoir meilleure pratique.<br> L&rsquo;id\u00e9e est de bien maitriser cet outil et ses subtilit\u00e9s pour b\u00e9n\u00e9ficier de tous ses bienfaits et de toutes les prises de conscience qu&rsquo;il permet . Comme dans tous les autres ateliers, la partie exp\u00e9rimentation du Work en bin\u00f4me est importante, elle aussi.<\/p>\n\n\n\n<div class=\"wp-block-columns is-layout-flex wp-container-core-columns-is-layout-28f84493 wp-block-columns-is-layout-flex\">\n<div class=\"wp-block-column is-layout-flow wp-block-column-is-layout-flow\">\n<figure class=\"wp-block-image size-full\"><img loading=\"lazy\" decoding=\"async\" width=\"277\" height=\"182\" src=\"https:\/\/serendrelavieplusdouce.fr\/wp-content\/uploads\/2022\/11\/at-questions.jpg\" alt=\"\" class=\"wp-image-841\"\/><\/figure>\n<\/div>\n\n\n\n<div class=\"wp-block-column is-layout-flow wp-block-column-is-layout-flow\">\n<figure class=\"wp-block-image size-full\"><img loading=\"lazy\" decoding=\"async\" width=\"600\" height=\"400\" src=\"https:\/\/serendrelavieplusdouce.fr\/wp-content\/uploads\/2023\/01\/chat-tete-envers-1.jpg\" alt=\"\" class=\"wp-image-1163\" srcset=\"https:\/\/serendrelavieplusdouce.fr\/wp-content\/uploads\/2023\/01\/chat-tete-envers-1.jpg 600w, https:\/\/serendrelavieplusdouce.fr\/wp-content\/uploads\/2023\/01\/chat-tete-envers-1-300x200.jpg 300w\" sizes=\"auto, (max-width: 600px) 100vw, 600px\" \/><\/figure>\n<\/div>\n\n\n\n<div class=\"wp-block-column is-layout-flow wp-block-column-is-layout-flow\">\n<figure class=\"wp-block-image size-full is-resized\"><img loading=\"lazy\" decoding=\"async\" src=\"https:\/\/serendrelavieplusdouce.fr\/wp-content\/uploads\/2022\/11\/at-feuille-tr-2.jpg\" alt=\"\" class=\"wp-image-844\" width=\"265\" height=\"199\" srcset=\"https:\/\/serendrelavieplusdouce.fr\/wp-content\/uploads\/2022\/11\/at-feuille-tr-2.jpg 500w, https:\/\/serendrelavieplusdouce.fr\/wp-content\/uploads\/2022\/11\/at-feuille-tr-2-300x226.jpg 300w\" sizes=\"auto, (max-width: 265px) 100vw, 265px\" \/><\/figure>\n<\/div>\n<\/div>\n\n\n\n<p>Trois ateliers diff\u00e9rents sont class\u00e9s dans la cat\u00e9gorie base-approfondissement du Work<br>+<strong>Les questions du Work : <\/strong>richesses et subtilit\u00e9s. Facilitation en direct<br>+<strong>La magie des retournements<\/strong><br>+<strong>Les \u00e9clairages puissants de la Feuille de Travail<\/strong> : atelier \u00e0 refaire r\u00e9guli\u00e8rement, cet atelier permet de travailler en profondeur des situations diff\u00e9rentes.<\/p>\n\n\n\n<p>Pour ces ateliers<\/p>\n\n\n\n<ul class=\"wp-block-list\">\n<li>il n&rsquo; y a&nbsp;pas de n\u00e9cessit\u00e9 de suivi<\/li>\n\n\n\n<li>&nbsp;les ateliers sont plac\u00e9s volontairement sur des jours de la semaine diff\u00e9rents suivant les ateliers pour permettre \u00e0 chacun de participer suivant ses disponibilit\u00e9s<\/li>\n\n\n\n<li>il est n\u00e9cessaire d&rsquo;avoir particip\u00e9 au moins une fois \u00e0 l&rsquo;atelier d\u00e9couverte gratuit avant de participer \u00e0 un atelier base-approfondissement du Work<\/li>\n\n\n\n<li>il est tout \u00e0 fait possible et m\u00eame int\u00e9ressant de participer plusieurs fois \u00e0 un atelier qui a le m\u00eame th\u00e8me, cela permet d&rsquo;approfondir et la partie \u00ab\u00a0Work \u00e0 deux \u00a0\u00bb est toujours diff\u00e9rente. Le groupe et  les \u00e9changes-partages sont diff\u00e9rents chaque fois.<\/li>\n<\/ul>\n\n\n\n<p><\/p>\n\n\n\n<p class=\"has-background\" style=\"background-color:#eec50b52\"><strong>Les \u00ab\u00a0plus\u00a0\u00bb de ces ateliers<\/strong> <\/p>\n\n\n\n<ul class=\"wp-block-list\">\n<li>ces ateliers constituent une vraie pratique et permettent progressivement de maitriser l\u2019outil du Work. Vous pourrez l\u2019avoir ainsi \u00e0 disposition \u00e0 tout moment.<\/li>\n\n\n\n<li>ces ateliers vous permettront d\u2019explorer vos croyances dans diff\u00e9rents domaines  et d\u2019en sentir imm\u00e9diatement les bienfaits dans votre vie&nbsp;.&nbsp;&nbsp;<\/li>\n\n\n\n<li>en vous entrainant \u00e0 \u00eatre facilitateur, vous pourrez faciliter plus facilement des personnes de votre entourage. <br>Cela pourra leur apporter un soutien important.<\/li>\n\n\n\n<li>en vous entrainant \u00e0 \u00eatre facilitateur, vous pourrez vous faciliter vous m\u00eame plus facilement  et vous aider \u00e0 vous lib\u00e9rer d&rsquo;une contrari\u00e9t\u00e9 ou difficult\u00e9 \u00e0 tout moment.<\/li>\n\n\n\n<li>&nbsp;vous aurez l&rsquo;opportunit\u00e9 d&rsquo;\u00eatre accompagn\u00e9 dans votre Work par une autre personne, exp\u00e9riment\u00e9e le plus souvent,  ce qui vous permettra d&rsquo;aller plus loin dans vos d\u00e9couvertes.<\/li>\n\n\n\n<li>vous approfondirez le r\u00f4le tr\u00e8s int\u00e9ressant du facilitateur, ce qui permet notamment de d\u00e9velopper son \u00e9coute en bienveillance, sa pr\u00e9sence \u00e0 l\u2019autre.<\/li>\n\n\n\n<li>vous b\u00e9n\u00e9ficierez des partages et d\u00e9couvertes des autres participants.<\/li>\n\n\n\n<li>vous pourrez \u00e9changer dans un moment de bienveillance et de respect avec des personnes dans une d\u00e9marche d\u2019\u00e9volution proche de la votre.<\/li>\n\n\n\n<li>vous b\u00e9n\u00e9ficierez de mon \u00e9clairage, celui d\u2019une personne form\u00e9e au Work avec Byron Katie, d&rsquo;une personne qui le pratique depuis plus de 10 ans, seule avec d\u2019autres personnes, en ateliers, ou en s\u00e9ances d\u2019accompagnement.<\/li>\n<\/ul>\n\n\n\n<p>et tout cela en restant confortablement install\u00e9-e chez vous, sans perte de temps et d\u2019argent en d\u00e9placement puisque ces ateliers sont propos\u00e9s par zoom*<\/p>\n\n\n\n<p><strong>Ces ateliers sont payants :15e la soir\u00e9e ( et \u00e9ventuellement moins si petits moyens financiers).<\/strong><br>L&rsquo;argent ne doit pas \u00eatre un frein, si vous \u00eates en difficult\u00e9 financi\u00e8re,&nbsp; les ateliers peuvent \u00eatre \u00e0 participation r\u00e9duite ou offerts (m\u2019envoyer un mail).<\/p>\n\n\n\n<div class=\"wp-block-columns is-layout-flex wp-container-core-columns-is-layout-28f84493 wp-block-columns-is-layout-flex\">\n<div class=\"wp-block-column is-layout-flow wp-block-column-is-layout-flow\">\n<p>Paiement  par virement<\/p>\n<\/div>\n\n\n\n<div class=\"wp-block-column is-layout-flow wp-block-column-is-layout-flow\">\n<p><\/p>\n<\/div>\n\n\n\n<div class=\"wp-block-column is-layout-flow wp-block-column-is-layout-flow\"><\/div>\n<\/div>\n\n\n\n<p class=\"has-background\" style=\"background-color:#eec50b52\"><strong>Atelier 19h-22h environ<\/strong> &#8211;<strong>Dur\u00e9e et d\u00e9roul\u00e9 de l&rsquo;atelier<\/strong><\/p>\n\n\n\n<p><strong>S\u00e9quence 1<\/strong>: 1h15 environ en groupe \u00e0 partir de 19h<br><strong>S\u00e9quence 2<\/strong> : 1h au moins de Travail par deux \u00e0 faire entre  20h15 et 21h15&nbsp;environ<br>Je reste disponible pendant la s\u00e9quence n\u00b02 pour vous aider si n\u00e9cessaire<br>Ces facilitations par bin\u00f4me&nbsp;ont lieu avec zoom o\u00f9 je peux vous placer dans de petites salles \u00e0 deux<br><strong>S\u00e9quence 3&nbsp;:&nbsp;<\/strong>retour dans le groupe vers 21h15 pour partage sur les d\u00e9couvertes, questions, \u00e9changes.<br>Fin de l&rsquo;atelier vers 22h<br><\/p>\n","protected":false},"excerpt":{"rendered":"<p>Pour participer \u00e0 ce type d&rsquo;atelier, il est n\u00e9cessaire d&rsquo;avoir particip\u00e9 d&rsquo;abord \u00e0 l&rsquo;atelier d\u00e9couverte (atelier initial). Les ateliers base-approfondissement du Work permettent aux participants de mieux connaitre le Work et d&rsquo;en avoir meilleure pratique. L&rsquo;id\u00e9e est de bien maitriser cet outil et ses subtilit\u00e9s pour b\u00e9n\u00e9ficier de tous ses bienfaits et de toutes les &hellip;<\/p>\n<p class=\"read-more\"> <a class=\"\" href=\"https:\/\/serendrelavieplusdouce.fr\/?page_id=1267\"> <span class=\"screen-reader-text\">Atelier base-approfondissement du Work<\/span> Lire la suite\u00a0\u00bb<\/a><\/p>\n","protected":false},"author":1,"featured_media":0,"parent":1250,"menu_order":0,"comment_status":"closed","ping_status":"closed","template":"","meta":{"site-sidebar-layout":"default","site-content-layout":"default","ast-global-header-display":"","ast-banner-title-visibility":"","ast-main-header-display":"","ast-hfb-above-header-display":"","ast-hfb-below-header-display":"","ast-hfb-mobile-header-display":"","site-post-title":"","ast-breadcrumbs-content":"","ast-featured-img":"","footer-sml-layout":"","theme-transparent-header-meta":"","adv-header-id-meta":"","stick-header-meta":"","header-above-stick-meta":"","header-main-stick-meta":"","header-below-stick-meta":"","footnotes":""},"class_list":["post-1267","page","type-page","status-publish","hentry"],"_links":{"self":[{"href":"https:\/\/serendrelavieplusdouce.fr\/index.php?rest_route=\/wp\/v2\/pages\/1267","targetHints":{"allow":["GET"]}}],"collection":[{"href":"https:\/\/serendrelavieplusdouce.fr\/index.php?rest_route=\/wp\/v2\/pages"}],"about":[{"href":"https:\/\/serendrelavieplusdouce.fr\/index.php?rest_route=\/wp\/v2\/types\/page"}],"author":[{"embeddable":true,"href":"https:\/\/serendrelavieplusdouce.fr\/index.php?rest_route=\/wp\/v2\/users\/1"}],"replies":[{"embeddable":true,"href":"https:\/\/serendrelavieplusdouce.fr\/index.php?rest_route=%2Fwp%2Fv2%2Fcomments&post=1267"}],"version-history":[{"count":12,"href":"https:\/\/serendrelavieplusdouce.fr\/index.php?rest_route=\/wp\/v2\/pages\/1267\/revisions"}],"predecessor-version":[{"id":1293,"href":"https:\/\/serendrelavieplusdouce.fr\/index.php?rest_route=\/wp\/v2\/pages\/1267\/revisions\/1293"}],"up":[{"embeddable":true,"href":"https:\/\/serendrelavieplusdouce.fr\/index.php?rest_route=\/wp\/v2\/pages\/1250"}],"wp:attachment":[{"href":"https:\/\/serendrelavieplusdouce.fr\/index.php?rest_route=%2Fwp%2Fv2%2Fmedia&parent=1267"}],"curies":[{"name":"wp","href":"https:\/\/api.w.org\/{rel}","templated":true}]}}