{"id":1202,"date":"2023-01-26T18:55:19","date_gmt":"2023-01-26T17:55:19","guid":{"rendered":"https:\/\/serendrelavieplusdouce.fr\/?page_id=1202"},"modified":"2023-01-26T18:58:16","modified_gmt":"2023-01-26T17:58:16","slug":"atelier-les-croyances-universelles","status":"publish","type":"page","link":"https:\/\/serendrelavieplusdouce.fr\/?page_id=1202","title":{"rendered":"Atelier : les croyances universelles"},"content":{"rendered":"\n<p><strong>Atelier \u00e0 th\u00e8me : r\u00e9serv\u00e9 aux personnes qui ont d\u00e9j\u00e0 particip\u00e9 au moins une fois \u00e0 l&rsquo;atelier d\u00e9couverte<\/strong>.<br><strong>Vous pouvez participer \u00e0 plusieurs reprises \u00e0 cet atelier, vous pourrez travailler chaque fois sur une situation diff\u00e9rente de votre vie.<\/strong><\/p>\n\n\n\n<div class=\"wp-block-columns is-layout-flex wp-container-core-columns-is-layout-28f84493 wp-block-columns-is-layout-flex\">\n<div class=\"wp-block-column is-layout-flow wp-block-column-is-layout-flow\">\n<figure class=\"wp-block-image size-full is-resized\"><img loading=\"lazy\" decoding=\"async\" src=\"https:\/\/serendrelavieplusdouce.fr\/wp-content\/uploads\/2023\/01\/cage-qui-souvre.jpg\" alt=\"\" class=\"wp-image-1210\" width=\"312\" height=\"234\"\/><\/figure>\n<\/div>\n\n\n\n<div class=\"wp-block-column is-layout-flow wp-block-column-is-layout-flow\" style=\"flex-basis:45%\">\n<p>Nous explorerons ensemble des croyances universelles qui nous enferment, nous limitent ou nous stressent.&nbsp;<\/p>\n\n\n\n<p>Lorsque la croyance nous quitte, s&rsquo;ouvre \u00e0 nous un nouvel espace, un espace de choix et de libert\u00e9,&nbsp;un espace plus joyeux .<\/p>\n\n\n\n<p>Exemples de croyances qui pourront \u00eatre travailler&nbsp; : j&rsquo;ai besoin&nbsp;de savoir quoi faire, les gens ne devraient pas mentir, il ne devrait pas y avoir de guerre dans le monde, j&rsquo;ai besoin de comprendre, mon corps devrait \u00eatre en bonne sant\u00e9&#8230;et beaucoup d&rsquo;autres&#8230;<\/p>\n\n\n\n<p>De belles d\u00e9couvertes en perspective !!<\/p>\n<\/div>\n\n\n\n<div class=\"wp-block-column is-layout-flow wp-block-column-is-layout-flow\" style=\"flex-basis:20%\">\n<figure class=\"wp-block-image size-full is-resized\"><img loading=\"lazy\" decoding=\"async\" src=\"https:\/\/serendrelavieplusdouce.fr\/wp-content\/uploads\/2022\/11\/images-1.jpg\" alt=\"\" class=\"wp-image-808\" width=\"322\" height=\"322\" srcset=\"https:\/\/serendrelavieplusdouce.fr\/wp-content\/uploads\/2022\/11\/images-1.jpg 225w, https:\/\/serendrelavieplusdouce.fr\/wp-content\/uploads\/2022\/11\/images-1-150x150.jpg 150w\" sizes=\"auto, (max-width: 322px) 100vw, 322px\" \/><\/figure>\n<\/div>\n<\/div>\n\n\n\n<p><\/p>\n\n\n\n<p>Lors des bin\u00f4mes, la pr\u00e9sence soutenante d\u2019une autre personne vous aidera \u00e0 aller plus loin dans l\u2019investigation.<br>Les partages en troisi\u00e8me partie d\u2019atelier pourront vous apporter des \u00e9clairages compl\u00e9mentaires int\u00e9ressants gr\u00e2ce aux diff\u00e9rentes investigations des autres participants, tout cela dans le respect et la bienveillance.<\/p>\n\n\n\n<p><strong>Rappel : il est n\u00e9cessaire d&rsquo;avoir particip\u00e9 au moins une fois \u00e0 l&rsquo;atelier d\u00e9couverte gratuit avant de participer \u00e0 un atelier \u00e0 th\u00e8me<\/strong><br><br><strong>Ces ateliers sont payants :15e la soir\u00e9e ( et \u00e9ventuellement moins si petits moyens financiers).<\/strong><br>L&rsquo;argent ne doit pas \u00eatre un frein, si vous \u00eates en difficult\u00e9 financi\u00e8re,&nbsp; les ateliers peuvent \u00eatre \u00e0 participation r\u00e9duite ou offerts (m\u2019envoyer un mail).<\/p>\n\n\n\n<div class=\"wp-block-columns is-layout-flex wp-container-core-columns-is-layout-28f84493 wp-block-columns-is-layout-flex\">\n<div class=\"wp-block-column is-layout-flow wp-block-column-is-layout-flow\" style=\"flex-basis:50%\">\n<p>L<strong>ien zoom envoy\u00e9 la veille aux personnes inscrites<\/strong><\/p>\n<\/div>\n\n\n\n<div class=\"wp-block-column is-layout-flow wp-block-column-is-layout-flow\">\n<p class=\"has-text-align-right\"><strong>Paiement par virement<\/strong><\/p>\n<\/div>\n\n\n\n<div class=\"wp-block-column is-layout-flow wp-block-column-is-layout-flow\">\n<p> <\/p>\n<\/div>\n<\/div>\n\n\n\n<p class=\"has-background\" style=\"background-color:#eec50b52\"><strong>Atelier 19h-22h environ<\/strong> &#8211;<strong>Dur\u00e9e et d\u00e9roul\u00e9 de l&rsquo;atelier<\/strong><\/p>\n\n\n\n<p><strong>S\u00e9quence 1<\/strong>: 1h15 environ en groupe \u00e0 partir de 19h<br><strong>S\u00e9quence 2<\/strong> : 1h au moins de Travail par deux \u00e0 faire entre environ 20h15 et 21h15&nbsp;<br>Je reste disponible pendant la s\u00e9quence n\u00b02 pour vous aider si n\u00e9cessaire<br>Ces facilitations par bin\u00f4me&nbsp;ont lieu avec zoom o\u00f9 je peux vous placer dans de petites salles \u00e0 deux<br><strong>S\u00e9quence 3&nbsp;:&nbsp;<\/strong>retour dans le groupe \u00e0 21h15 pour partage sur vos d\u00e9couvertes, questions, \u00e9changes&nbsp;(environ 30 mn).<br>Fin de l&rsquo;atelier vers 21h45-22h<br><\/p>\n","protected":false},"excerpt":{"rendered":"<p>Atelier \u00e0 th\u00e8me : r\u00e9serv\u00e9 aux personnes qui ont d\u00e9j\u00e0 particip\u00e9 au moins une fois \u00e0 l&rsquo;atelier d\u00e9couverte.Vous pouvez participer \u00e0 plusieurs reprises \u00e0 cet atelier, vous pourrez travailler chaque fois sur une situation diff\u00e9rente de votre vie. Nous explorerons ensemble des croyances universelles qui nous enferment, nous limitent ou nous stressent.&nbsp; Lorsque la croyance &hellip;<\/p>\n<p class=\"read-more\"> <a class=\"\" href=\"https:\/\/serendrelavieplusdouce.fr\/?page_id=1202\"> <span class=\"screen-reader-text\">Atelier : les croyances universelles<\/span> Lire la suite\u00a0\u00bb<\/a><\/p>\n","protected":false},"author":1,"featured_media":0,"parent":37,"menu_order":0,"comment_status":"closed","ping_status":"closed","template":"","meta":{"site-sidebar-layout":"default","site-content-layout":"default","ast-global-header-display":"","ast-banner-title-visibility":"","ast-main-header-display":"","ast-hfb-above-header-display":"","ast-hfb-below-header-display":"","ast-hfb-mobile-header-display":"","site-post-title":"","ast-breadcrumbs-content":"","ast-featured-img":"","footer-sml-layout":"","theme-transparent-header-meta":"","adv-header-id-meta":"","stick-header-meta":"","header-above-stick-meta":"","header-main-stick-meta":"","header-below-stick-meta":"","footnotes":""},"class_list":["post-1202","page","type-page","status-publish","hentry"],"_links":{"self":[{"href":"https:\/\/serendrelavieplusdouce.fr\/index.php?rest_route=\/wp\/v2\/pages\/1202","targetHints":{"allow":["GET"]}}],"collection":[{"href":"https:\/\/serendrelavieplusdouce.fr\/index.php?rest_route=\/wp\/v2\/pages"}],"about":[{"href":"https:\/\/serendrelavieplusdouce.fr\/index.php?rest_route=\/wp\/v2\/types\/page"}],"author":[{"embeddable":true,"href":"https:\/\/serendrelavieplusdouce.fr\/index.php?rest_route=\/wp\/v2\/users\/1"}],"replies":[{"embeddable":true,"href":"https:\/\/serendrelavieplusdouce.fr\/index.php?rest_route=%2Fwp%2Fv2%2Fcomments&post=1202"}],"version-history":[{"count":3,"href":"https:\/\/serendrelavieplusdouce.fr\/index.php?rest_route=\/wp\/v2\/pages\/1202\/revisions"}],"predecessor-version":[{"id":1212,"href":"https:\/\/serendrelavieplusdouce.fr\/index.php?rest_route=\/wp\/v2\/pages\/1202\/revisions\/1212"}],"up":[{"embeddable":true,"href":"https:\/\/serendrelavieplusdouce.fr\/index.php?rest_route=\/wp\/v2\/pages\/37"}],"wp:attachment":[{"href":"https:\/\/serendrelavieplusdouce.fr\/index.php?rest_route=%2Fwp%2Fv2%2Fmedia&parent=1202"}],"curies":[{"name":"wp","href":"https:\/\/api.w.org\/{rel}","templated":true}]}}