{"id":1155,"date":"2023-01-15T11:21:22","date_gmt":"2023-01-15T10:21:22","guid":{"rendered":"http:\/\/serendrelavieplusdouce.fr\/?page_id=1155"},"modified":"2024-01-03T16:48:13","modified_gmt":"2024-01-03T15:48:13","slug":"atelier-la-magie-des-retournements","status":"publish","type":"page","link":"https:\/\/serendrelavieplusdouce.fr\/?page_id=1155","title":{"rendered":"Atelier : la magie des retournements"},"content":{"rendered":"\n<p><strong>Atelier \u00e0 th\u00e8me : r\u00e9serv\u00e9 aux personnes qui ont d\u00e9j\u00e0 particip\u00e9 au moins une fois \u00e0 l&rsquo;atelier d\u00e9couverte<\/strong><\/p>\n\n\n\n<div class=\"wp-block-columns is-layout-flex wp-container-core-columns-is-layout-28f84493 wp-block-columns-is-layout-flex\">\n<div class=\"wp-block-column is-layout-flow wp-block-column-is-layout-flow\">\n<figure class=\"wp-block-image size-full\"><img loading=\"lazy\" decoding=\"async\" width=\"600\" height=\"400\" src=\"https:\/\/serendrelavieplusdouce.fr\/wp-content\/uploads\/2023\/01\/chat-tete-envers.jpg\" alt=\"\" class=\"wp-image-1156\" srcset=\"https:\/\/serendrelavieplusdouce.fr\/wp-content\/uploads\/2023\/01\/chat-tete-envers.jpg 600w, https:\/\/serendrelavieplusdouce.fr\/wp-content\/uploads\/2023\/01\/chat-tete-envers-300x200.jpg 300w\" sizes=\"auto, (max-width: 600px) 100vw, 600px\" \/><\/figure>\n<\/div>\n\n\n\n<div class=\"wp-block-column is-layout-flow wp-block-column-is-layout-flow\">\n<p>Nous&nbsp;explorerons tous les retournements (parfois il y en a 2 ou 3 ou 4 ou m\u00eame&nbsp;davantage&nbsp;!!), les&nbsp; retournements sp\u00e9cifiques et leur puissance dans la situation, hors situation et aussi les retournements en action.&nbsp;<\/p>\n\n\n\n<p>Les\u00a0retournements  permettent tr\u00e8s souvent des prises de conscience  surprenantes ! Les retournements en action peuvent vraiment nous aider \u00e0 transformer notre vie, \u00e0 la rendre plus l\u00e9g\u00e8re et plus douce.<\/p>\n<\/div>\n\n\n\n<div class=\"wp-block-column is-layout-flow wp-block-column-is-layout-flow\">\n<figure class=\"wp-block-image size-full\"><img loading=\"lazy\" decoding=\"async\" width=\"300\" height=\"168\" src=\"https:\/\/serendrelavieplusdouce.fr\/wp-content\/uploads\/2023\/01\/magie.jpeg\" alt=\"\" class=\"wp-image-1157\"\/><\/figure>\n<\/div>\n<\/div>\n\n\n\n<p><strong>Cet atelier est payant :15e la soir\u00e9e <\/strong><br>( et \u00e9ventuellement moins si petits moyens financiers).<br>L&rsquo;argent ne doit pas \u00eatre un frein, si vous \u00eates en difficult\u00e9 financi\u00e8re,&nbsp; les ateliers peuvent \u00eatre \u00e0 participation r\u00e9duite ou offerts (m\u2019envoyer un mail).<\/p>\n\n\n\n<div class=\"wp-block-columns is-layout-flex wp-container-core-columns-is-layout-28f84493 wp-block-columns-is-layout-flex\">\n<div class=\"wp-block-column is-layout-flow wp-block-column-is-layout-flow\" style=\"flex-basis:50%\">\n<p><strong> S&rsquo;inscrire par mail \u00e0 isa73.bk@gmail.com<\/strong>.<br>Nombre de places limit\u00e9 dans l&rsquo;atelier<br>L<strong>ien zoom envoy\u00e9 la veille aux personnes inscrites<\/strong><\/p>\n<\/div>\n\n\n\n<div class=\"wp-block-column is-layout-flow wp-block-column-is-layout-flow\">\n<p class=\"has-text-align-right\"><strong>Paiement par virement<\/strong><\/p>\n<\/div>\n\n\n\n<div class=\"wp-block-column is-layout-flow wp-block-column-is-layout-flow\">\n<p><\/p>\n<\/div>\n<\/div>\n\n\n\n<p class=\"has-background\" style=\"background-color:#eec50b52\"><strong>Atelier 19h-22h environ<\/strong> &#8211;<strong>Dur\u00e9e et d\u00e9roul\u00e9 de l&rsquo;atelier<\/strong><\/p>\n\n\n\n<p><strong>S\u00e9quence 1<\/strong>: 1h15 environ en groupe \u00e0 partir de 19h<br><strong>S\u00e9quence 2<\/strong> : 1h au moins de Work par deux \u00e0 faire entre  20h15 et 21h15\u00a0<br>Je reste disponible pendant la s\u00e9quence n\u00b02 pour vous aider si n\u00e9cessaire<br>Ces facilitations par bin\u00f4me\u00a0ont lieu avec zoom o\u00f9 je peux vous placer dans de petites salles \u00e0 deux<br><strong>S\u00e9quence 3\u00a0:\u00a0<\/strong>retour dans le groupe \u00e0 21h15 pour partage sur vos d\u00e9couvertes, questions, \u00e9changes\u00a0(environ 30 mn).<br>Fin de l&rsquo;atelier vers 21h45-22h<br><\/p>\n","protected":false},"excerpt":{"rendered":"<p>Atelier \u00e0 th\u00e8me : r\u00e9serv\u00e9 aux personnes qui ont d\u00e9j\u00e0 particip\u00e9 au moins une fois \u00e0 l&rsquo;atelier d\u00e9couverte Nous&nbsp;explorerons tous les retournements (parfois il y en a 2 ou 3 ou 4 ou m\u00eame&nbsp;davantage&nbsp;!!), les&nbsp; retournements sp\u00e9cifiques et leur puissance dans la situation, hors situation et aussi les retournements en action.&nbsp; Les\u00a0retournements permettent tr\u00e8s souvent &hellip;<\/p>\n<p class=\"read-more\"> <a class=\"\" href=\"https:\/\/serendrelavieplusdouce.fr\/?page_id=1155\"> <span class=\"screen-reader-text\">Atelier : la magie des retournements<\/span> Lire la suite\u00a0\u00bb<\/a><\/p>\n","protected":false},"author":1,"featured_media":0,"parent":1250,"menu_order":0,"comment_status":"closed","ping_status":"closed","template":"","meta":{"site-sidebar-layout":"default","site-content-layout":"default","ast-global-header-display":"","ast-banner-title-visibility":"","ast-main-header-display":"","ast-hfb-above-header-display":"","ast-hfb-below-header-display":"","ast-hfb-mobile-header-display":"","site-post-title":"","ast-breadcrumbs-content":"","ast-featured-img":"","footer-sml-layout":"","theme-transparent-header-meta":"","adv-header-id-meta":"","stick-header-meta":"","header-above-stick-meta":"","header-main-stick-meta":"","header-below-stick-meta":"","footnotes":""},"class_list":["post-1155","page","type-page","status-publish","hentry"],"_links":{"self":[{"href":"https:\/\/serendrelavieplusdouce.fr\/index.php?rest_route=\/wp\/v2\/pages\/1155","targetHints":{"allow":["GET"]}}],"collection":[{"href":"https:\/\/serendrelavieplusdouce.fr\/index.php?rest_route=\/wp\/v2\/pages"}],"about":[{"href":"https:\/\/serendrelavieplusdouce.fr\/index.php?rest_route=\/wp\/v2\/types\/page"}],"author":[{"embeddable":true,"href":"https:\/\/serendrelavieplusdouce.fr\/index.php?rest_route=\/wp\/v2\/users\/1"}],"replies":[{"embeddable":true,"href":"https:\/\/serendrelavieplusdouce.fr\/index.php?rest_route=%2Fwp%2Fv2%2Fcomments&post=1155"}],"version-history":[{"count":6,"href":"https:\/\/serendrelavieplusdouce.fr\/index.php?rest_route=\/wp\/v2\/pages\/1155\/revisions"}],"predecessor-version":[{"id":1541,"href":"https:\/\/serendrelavieplusdouce.fr\/index.php?rest_route=\/wp\/v2\/pages\/1155\/revisions\/1541"}],"up":[{"embeddable":true,"href":"https:\/\/serendrelavieplusdouce.fr\/index.php?rest_route=\/wp\/v2\/pages\/1250"}],"wp:attachment":[{"href":"https:\/\/serendrelavieplusdouce.fr\/index.php?rest_route=%2Fwp%2Fv2%2Fmedia&parent=1155"}],"curies":[{"name":"wp","href":"https:\/\/api.w.org\/{rel}","templated":true}]}}