{"id":114,"date":"2022-10-27T16:05:05","date_gmt":"2022-10-27T14:05:05","guid":{"rendered":"http:\/\/serendrelavieplusdouce.fr\/?page_id=114"},"modified":"2025-09-17T12:14:02","modified_gmt":"2025-09-17T10:14:02","slug":"atelier-decouverte-gratuit","status":"publish","type":"page","link":"https:\/\/serendrelavieplusdouce.fr\/?page_id=114","title":{"rendered":"Atelier d\u00e9couverte gratuit"},"content":{"rendered":"\n<p class=\"has-background\" style=\"background-color:#eec50b52\"><strong>Atelier en entier ?     Ou atelier seconde partie ?   Une fois ou plusieurs fois ?<\/strong><\/p>\n\n\n\n<p>Pour cet atelier , je vous offre deux possibilit\u00e9s:<br>+possibilit\u00e9 de participer <strong>une ou plusieurs fois<\/strong> \u00e0 cet atelier d\u00e9couverte gratuit, pour revoir la m\u00e9thode en venant d\u00e8s le d\u00e9but de la s\u00e9ance<\/p>\n\n\n\n<p>+ pour les personnes ayant d\u00e9j\u00e0 pratiqu\u00e9 le Work \u00e0 plusieurs reprises et se sentant \u00e0 l&rsquo;aise avec l&rsquo;outil, possibilit\u00e9 <strong>de venir seulement en 2eme partie<\/strong> de l&rsquo;atelier d\u00e9couverte gratuit pour participer \u00e0 la phase \u00ab\u00a0Work par deux\u00bb et \u00e0 la phase \u00ab\u00a0\u00e9changes-partages \u00bb\u00a0 (vers 20h pour un atelier qui commence \u00e0 19h )<\/p>\n\n\n\n<p class=\"has-background\" style=\"background-color:#add0fea1\"><strong>Int\u00e9r\u00eats&nbsp;de l\u2019atelier d\u00e9couverte gratuit :<\/strong><\/p>\n\n\n\n<p><\/p>\n\n\n\n<ul class=\"wp-block-list\">\n<li>Je vous exposerai les principes g\u00e9n\u00e9raux du Work en vous donnant de nombreux exemples issus de mon exp\u00e9rience.<\/li>\n\n\n\n<li>Je vous donnerai et expliquerai la mise en \u0153uvre de la m\u00e9thode \u00e0 l\u2019aide de Power Point<\/li>\n\n\n\n<li>Si vous d\u00e9couvrez le Work vous aurez certainement l&rsquo;opportunit\u00e9 d&rsquo;\u00eatre facilit\u00e9-e par quelqu\u2019un de plus exp\u00e9riment\u00e9<\/li>\n\n\n\n<li>Je vous guiderai pour le travail par deux \u00e0 partir d\u2019un situation-croyance perturbante<br>(par exemple une situation o\u00f9 vous vous \u00eates senti perturb\u00e9 ou en col\u00e8re)<\/li>\n\n\n\n<li>Vous aurez la possibilit\u00e9 de \u00ab\u00a0faire le Work \u00ab\u00a0, c&rsquo;est \u00e0 dire d&rsquo;investiguer une croyance avec le soutien d&rsquo;une autre personne, dans le respect et la bienveillance<\/li>\n\n\n\n<li>Vous aurez l\u2019opportunit\u00e9 d\u2019exp\u00e9rimenter la richesse du r\u00f4le de facilitateur&nbsp;<\/li>\n\n\n\n<li>Lors de la derni\u00e8re partie, vous b\u00e9n\u00e9ficierez des partages int\u00e9ressants et d\u00e9couvertes des participants ainsi que des questions et r\u00e9ponses \u00e9clairantes.<\/li>\n\n\n\n<li>Apr\u00e8s la s\u00e9ance vous recevrez un mail avec des compl\u00e9ments et les Power Point vus en atelier<\/li>\n\n\n\n<li>Avoir particip\u00e9 \u00e0 cet atelier vous donne la possibilit\u00e9 de participer \u00e0 tous les autres ateliers \u00e0 th\u00e8me <\/li>\n\n\n\n<li>et tout cela en restant confortablement install\u00e9-e chez vous, sans perte de temps et d\u2019argent en d\u00e9placement puisque ces ateliers sont propos\u00e9s par zoom*<\/li>\n<\/ul>\n\n\n\n<p class=\"has-background\" style=\"background-color:#eec50b52\"><strong>Dur\u00e9e et d\u00e9roul\u00e9 d&rsquo;un atelier d\u00e9couverte <\/strong><\/p>\n\n\n\n<p>La plupart des ateliers d\u00e9couverte commencent \u00e0 19h avec un d\u00e9roul\u00e9 ainsi<\/p>\n\n\n\n<p><strong>S\u00e9quence 1<\/strong>: 1h15 environ en groupe \u00e0 partir de 19h<\/p>\n\n\n\n<p><strong>S\u00e9quence 2<\/strong> : 1h au moins de Travail par deux \u00e0 faire entre environ 20h15 et 21h30 environ<\/p>\n\n\n\n<p>Je reste disponible pendant la s\u00e9quence n\u00b02 pour vous aider si n\u00e9cessaire<br>Ces facilitations par bin\u00f4me\u00a0ont lieu avec zoom o\u00f9 je peux vous placer dans de petites salles \u00e0 deux<br><strong>S\u00e9quence 3\u00a0:\u00a0<\/strong>retour dans le groupe \u00e0 21h15 pour partage sur vos d\u00e9couvertes, questions, \u00e9changes\u00a0(environ 30 mn).<br>Fin de l&rsquo;atelier vers 21h45<\/p>\n\n\n\n<p><\/p>\n\n\n\n<p><\/p>\n\n\n\n<p class=\"has-background\" style=\"background-color:#add0fea1\"><strong> Comment proc\u00e9der pour participer ?<\/strong><\/p>\n\n\n\n<p>Vous m&rsquo;envoyez un mail pour vous inscrire <a href=\"mailto:isa73.bk@gmail.com\"> <\/a>mon mail <strong><a href=\"isa73.bk@gmail.com\">ici<\/a> <\/strong>ou  isa73.bk@gmail.com<br>ou si vous pr\u00e9f\u00e9rez parler avec moi auparavant, vous m&rsquo;appelez au 06 64 69 63 07.<\/p>\n\n\n\n<p>Vous recevrez ensuite un mail avec le lien zoom dans les 2 ou3-4 jours qui pr\u00e9c\u00e8dent l&rsquo;atelier.<br><strong>Si vous n&rsquo;avez jamais utilis\u00e9 zoom, essayez dans les jours qui pr\u00e9c\u00e9dent  la r\u00e9union<\/strong>.<br>C&rsquo;est simple il suffit de cliquer pour avoir zoom sur votre ordinateur<a rel=\"noreferrer noopener\" href=\"https:\/\/zoom.us\/\" target=\"_blank\"> <\/a><a rel=\"noreferrer noopener\" href=\"https:\/\/www.01net.com\/telecharger\/internet\/communication\/zoom.html\" target=\"_blank\">ICI<\/a> et ensuite vous suivez ce qui vous est demand\u00e9 , inscription gratuite<br>Plusieurs options s&rsquo;offrent \u00e0 vous pour&nbsp;participer \u00e0 une r\u00e9union, mais la plus simple en tant qu&rsquo;invit\u00e9 consiste \u00e0 cliquer sur le lien que je vous aurai fourni ou \u00e0 entrer le num\u00e9ro et le code secret de la r\u00e9union directement dans Zoom.<br>En cas de souci, je vous invite \u00e0 contacter Natacha Joumard  06 50 47 68 64<\/p>\n\n\n\n<p><\/p>\n\n\n\n<p><\/p>\n","protected":false},"excerpt":{"rendered":"<p>Atelier en entier ? Ou atelier seconde partie ? Une fois ou plusieurs fois ? Pour cet atelier , je vous offre deux possibilit\u00e9s:+possibilit\u00e9 de participer une ou plusieurs fois \u00e0 cet atelier d\u00e9couverte gratuit, pour revoir la m\u00e9thode en venant d\u00e8s le d\u00e9but de la s\u00e9ance + pour les personnes ayant d\u00e9j\u00e0 pratiqu\u00e9 le &hellip;<\/p>\n<p class=\"read-more\"> <a class=\"\" href=\"https:\/\/serendrelavieplusdouce.fr\/?page_id=114\"> <span class=\"screen-reader-text\">Atelier d\u00e9couverte gratuit<\/span> Lire la suite\u00a0\u00bb<\/a><\/p>\n","protected":false},"author":1,"featured_media":0,"parent":1250,"menu_order":0,"comment_status":"closed","ping_status":"closed","template":"","meta":{"site-sidebar-layout":"default","site-content-layout":"default","ast-global-header-display":"","ast-banner-title-visibility":"","ast-main-header-display":"","ast-hfb-above-header-display":"","ast-hfb-below-header-display":"","ast-hfb-mobile-header-display":"","site-post-title":"","ast-breadcrumbs-content":"","ast-featured-img":"","footer-sml-layout":"","theme-transparent-header-meta":"","adv-header-id-meta":"","stick-header-meta":"","header-above-stick-meta":"","header-main-stick-meta":"","header-below-stick-meta":"","footnotes":""},"class_list":["post-114","page","type-page","status-publish","hentry"],"_links":{"self":[{"href":"https:\/\/serendrelavieplusdouce.fr\/index.php?rest_route=\/wp\/v2\/pages\/114","targetHints":{"allow":["GET"]}}],"collection":[{"href":"https:\/\/serendrelavieplusdouce.fr\/index.php?rest_route=\/wp\/v2\/pages"}],"about":[{"href":"https:\/\/serendrelavieplusdouce.fr\/index.php?rest_route=\/wp\/v2\/types\/page"}],"author":[{"embeddable":true,"href":"https:\/\/serendrelavieplusdouce.fr\/index.php?rest_route=\/wp\/v2\/users\/1"}],"replies":[{"embeddable":true,"href":"https:\/\/serendrelavieplusdouce.fr\/index.php?rest_route=%2Fwp%2Fv2%2Fcomments&post=114"}],"version-history":[{"count":31,"href":"https:\/\/serendrelavieplusdouce.fr\/index.php?rest_route=\/wp\/v2\/pages\/114\/revisions"}],"predecessor-version":[{"id":1650,"href":"https:\/\/serendrelavieplusdouce.fr\/index.php?rest_route=\/wp\/v2\/pages\/114\/revisions\/1650"}],"up":[{"embeddable":true,"href":"https:\/\/serendrelavieplusdouce.fr\/index.php?rest_route=\/wp\/v2\/pages\/1250"}],"wp:attachment":[{"href":"https:\/\/serendrelavieplusdouce.fr\/index.php?rest_route=%2Fwp%2Fv2%2Fmedia&parent=114"}],"curies":[{"name":"wp","href":"https:\/\/api.w.org\/{rel}","templated":true}]}}