{"id":107,"date":"2022-10-27T15:49:59","date_gmt":"2022-10-27T13:49:59","guid":{"rendered":"http:\/\/serendrelavieplusdouce.fr\/?page_id=107"},"modified":"2024-11-06T19:14:52","modified_gmt":"2024-11-06T18:14:52","slug":"accompagnement","status":"publish","type":"page","link":"https:\/\/serendrelavieplusdouce.fr\/?page_id=107","title":{"rendered":"Accompagnement"},"content":{"rendered":"\n<div class=\"inherit-container-width wp-block-group alignfull has-background is-layout-constrained wp-block-group-is-layout-constrained\" style=\"background-color:#eec50b52\">\n<p class=\"has-medium-font-size\">Vous en avez assez de \u00ab&nbsp;vous prendre la t\u00eate&nbsp;\u00bb, de ruminer, de vous trouver dans un conflit avec une personne de votre entourage, ou de vous sentir en col\u00e8re&nbsp;?<\/p>\n<\/div>\n\n\n\n<div style=\"height:19px\" aria-hidden=\"true\" class=\"wp-block-spacer\"><\/div>\n\n\n\n<div class=\"wp-block-columns is-layout-flex wp-container-core-columns-is-layout-28f84493 wp-block-columns-is-layout-flex\">\n<div class=\"wp-block-column is-layout-flow wp-block-column-is-layout-flow\">\n<p>Vous souhaitez all\u00e9ger vos soucis,&nbsp;rendre vos relations plus douces, cheminer vers plus de s\u00e9r\u00e9nit\u00e9, avoir une vie plus \u00e9panouissante ?<\/p>\n<\/div>\n\n\n\n<div class=\"wp-block-column is-layout-flow wp-block-column-is-layout-flow\">\n<figure class=\"wp-block-image size-full is-resized is-style-rounded\"><img loading=\"lazy\" decoding=\"async\" width=\"275\" height=\"183\" src=\"https:\/\/serendrelavieplusdouce.fr\/wp-content\/uploads\/2022\/11\/telechargement-2.jpg\" alt=\"\" class=\"wp-image-448\" style=\"width:338px;height:225px\"\/><\/figure>\n<\/div>\n<\/div>\n\n\n\n<p class=\"has-background\" style=\"background-color:#add0fea1\"><strong>Pour vous soutenir dans cette direction, je vous propose des s\u00e9ances d\u2019accompagnement dans la douceur et l\u2019\u00e9coute bienveillante.<\/strong><\/p>\n\n\n\n<div style=\"height:11px\" aria-hidden=\"true\" class=\"wp-block-spacer\"><\/div>\n\n\n\n<p><\/p>\n\n\n\n<div class=\"wp-block-columns is-layout-flex wp-container-core-columns-is-layout-28f84493 wp-block-columns-is-layout-flex\">\n<div class=\"wp-block-column is-layout-flow wp-block-column-is-layout-flow\">\n<figure class=\"wp-block-image size-large is-resized is-style-rounded\"><img loading=\"lazy\" decoding=\"async\" width=\"791\" height=\"1024\" src=\"https:\/\/serendrelavieplusdouce.fr\/wp-content\/uploads\/2022\/10\/photo-isa3-mars-21-791x1024.jpg\" alt=\"\" class=\"wp-image-103\" style=\"width:227px;height:293px\" srcset=\"https:\/\/serendrelavieplusdouce.fr\/wp-content\/uploads\/2022\/10\/photo-isa3-mars-21-791x1024.jpg 791w, https:\/\/serendrelavieplusdouce.fr\/wp-content\/uploads\/2022\/10\/photo-isa3-mars-21-232x300.jpg 232w, https:\/\/serendrelavieplusdouce.fr\/wp-content\/uploads\/2022\/10\/photo-isa3-mars-21-768x995.jpg 768w, https:\/\/serendrelavieplusdouce.fr\/wp-content\/uploads\/2022\/10\/photo-isa3-mars-21-1186x1536.jpg 1186w, https:\/\/serendrelavieplusdouce.fr\/wp-content\/uploads\/2022\/10\/photo-isa3-mars-21-1581x2048.jpg 1581w, https:\/\/serendrelavieplusdouce.fr\/wp-content\/uploads\/2022\/10\/photo-isa3-mars-21-1140x1476.jpg 1140w, https:\/\/serendrelavieplusdouce.fr\/wp-content\/uploads\/2022\/10\/photo-isa3-mars-21-scaled.jpg 1977w\" sizes=\"auto, (max-width: 791px) 100vw, 791px\" \/><\/figure>\n<\/div>\n\n\n\n<div class=\"wp-block-column is-layout-flow wp-block-column-is-layout-flow\" style=\"flex-basis:70%\">\n<p><br>Pendant une s\u00e9ance, je mets en \u0153uvre toutes mes comp\u00e9tences et mon \u00e9coute intuitive pour vous accompagner avec qui vous \u00eates et ce que vous vivez. Vous pourrez b\u00e9n\u00e9ficier de toute mon exp\u00e9rience, de ma pratique du Work de Byron Katie depuis plus de&nbsp; 10 ans (personnelle, \u00e0 deux, en ateliers ou en s\u00e9ances individuelles).<br>D\u2019autres ressources en lien avec mes explorations et d\u00e9couvertes me permettront de vous accompagner dans un soutien doux et puissant.<br> J&rsquo;utilise notamment des outils de lib\u00e9ration \u00e9nerg\u00e9tique qui m\u2019ont \u00e9t\u00e9 transmis par Claudette Vidal. Ceux-ci permettent de travailler sur des blessures telles que l&rsquo;abandon, l&rsquo;humiliation ou le rejet. Ils permettent d&rsquo;avancer sur toutes sortes de  probl\u00e9matiques comme par exemple la culpabilit\u00e9 ou la difficult\u00e9 \u00e0 trouver sa place et \u00e0 s&rsquo;affirmer. Ils donnent aussi acc\u00e8s \u00e0 des lib\u00e9rations de m\u00e9moires anciennes qui peuvent perturber notre vie sans en \u00eatre conscient.<\/p>\n<\/div>\n<\/div>\n\n\n\n<div class=\"wp-block-columns is-layout-flex wp-container-core-columns-is-layout-28f84493 wp-block-columns-is-layout-flex\">\n<div class=\"wp-block-column is-layout-flow wp-block-column-is-layout-flow\" style=\"flex-basis:66.66%\">\n<p>Je m\u2019adapte \u00e0 qui vous \u00eates, dans l\u2019instant avec mon exp\u00e9rience, mon intuition et mon c\u0153ur. <br>Le r\u00e9sultat de l\u2019accompagnement&nbsp;: de l\u2019apaisement, des relations plus douces avec votre entourage et plus de clart\u00e9 pour r\u00e9aliser ce qui vous tient vraiment \u00e0 c\u0153ur.<\/p>\n<\/div>\n\n\n\n<div class=\"wp-block-column is-layout-flow wp-block-column-is-layout-flow\" style=\"flex-basis:33.33%\">\n<figure class=\"wp-block-image size-full is-resized is-style-rounded\"><img loading=\"lazy\" decoding=\"async\" width=\"289\" height=\"174\" src=\"https:\/\/serendrelavieplusdouce.fr\/wp-content\/uploads\/2022\/11\/accompagnement.jpg\" alt=\"\" class=\"wp-image-440\" style=\"width:332px;height:199px\"\/><\/figure>\n<\/div>\n<\/div>\n\n\n\n<p class=\"has-background\" style=\"background-color:#add0fea1\">Une seule s\u00e9ance peut vous permettre d\u2019am\u00e9liorer une relation, d\u2019apaiser un conflit ou de vous apporter plus de clart\u00e9 avant une d\u00e9cision importante.<\/p>\n\n\n\n<div style=\"height:22px\" aria-hidden=\"true\" class=\"wp-block-spacer\"><\/div>\n\n\n\n<div class=\"inherit-container-width wp-block-group alignfull has-ast-global-color-5-background-color has-background is-layout-constrained wp-block-group-is-layout-constrained\">\n<div class=\"wp-block-columns alignwide is-layout-flex wp-container-core-columns-is-layout-28f84493 wp-block-columns-is-layout-flex\">\n<div class=\"wp-block-column has-ast-global-color-5-background-color has-background is-layout-flow wp-block-column-is-layout-flow\" style=\"font-size:18px;flex-basis:600px\">\n<p class=\"has-text-align-center\"><strong>Je vous offre une s\u00e9ance d\u00e9couverte \u00e0 distance sans engagement<\/strong><\/p>\n<\/div>\n\n\n\n<div class=\"wp-block-column is-layout-flow wp-block-column-is-layout-flow\">\n<figure class=\"wp-block-image size-full is-resized has-custom-border\"><a href=\"https:\/\/serendrelavieplusdouce.fr\/?page_id=566(ouvre un nouvel onglet)\"><img loading=\"lazy\" decoding=\"async\" width=\"368\" height=\"137\" src=\"https:\/\/serendrelavieplusdouce.fr\/wp-content\/uploads\/2022\/11\/images-2.jpg\" alt=\"\" class=\"wp-image-459\" style=\"border-style:none;border-width:0px;width:205px;height:76px\" srcset=\"https:\/\/serendrelavieplusdouce.fr\/wp-content\/uploads\/2022\/11\/images-2.jpg 368w, https:\/\/serendrelavieplusdouce.fr\/wp-content\/uploads\/2022\/11\/images-2-300x112.jpg 300w\" sizes=\"auto, (max-width: 368px) 100vw, 368px\" \/><\/a><\/figure>\n<\/div>\n<\/div>\n<\/div>\n\n\n\n<p><strong>Rythme et modalit\u00e9s des s\u00e9ances<\/strong> :<\/p>\n\n\n\n<p> De nombreuses personnes tirent de&nbsp;<strong>grands b\u00e9n\u00e9fices<\/strong>&nbsp;d\u00e8s la premi\u00e8re s\u00e9ance (voir les t\u00e9moignages)<strong>.<\/strong><\/p>\n\n\n\n<p>Et si vous souhaitez vraiment changer votre vie, vous pouvez choisir un accompagnement sur plusieurs s\u00e9ances.<\/p>\n\n\n\n<p>C\u2019est vraiment vous qui choisissez ce qui vous convient sur le nombre de s\u00e9ances et leur rythme.<\/p>\n\n\n\n<p>Certaines personnes font une s\u00e9ance sur un probl\u00e8me, puis une autre s\u00e9ance un mois apr\u00e8s et d\u2019autres choisissent une r\u00e9gularit\u00e9 comme par exemple une s\u00e9ance par semaine pour changer progressivement leur vie.<\/p>\n\n\n\n<p>Je vous invite \u00e0 une rencontre au c\u0153ur de vous-m\u00eame pour vous lib\u00e9rer de vos cha\u00eenes.<\/p>\n\n\n\n<p><strong>Modalit\u00e9s et tarifs des s\u00e9ances<\/strong><br>Les s\u00e9ances durent une heure et ont lieu sur Zoom (ou \u00e9ventuellement en pr\u00e9sentiel). <br>Il suffit de t\u00e9l\u00e9charger Zoom et de cliquer sur le lien que je vous enverrai.<\/p>\n\n\n\n<figure class=\"wp-block-image size-full is-resized\"><a href=\"https:\/\/serendrelavieplusdouce.fr\/?page_id=575\"><img loading=\"lazy\" decoding=\"async\" width=\"380\" height=\"119\" src=\"https:\/\/serendrelavieplusdouce.fr\/wp-content\/uploads\/2022\/11\/tarif.jpg\" alt=\"\" class=\"wp-image-573\" style=\"width:220px;height:69px\" srcset=\"https:\/\/serendrelavieplusdouce.fr\/wp-content\/uploads\/2022\/11\/tarif.jpg 380w, https:\/\/serendrelavieplusdouce.fr\/wp-content\/uploads\/2022\/11\/tarif-300x94.jpg 300w\" sizes=\"auto, (max-width: 380px) 100vw, 380px\" \/><\/a><\/figure>\n\n\n\n<p><\/p>\n","protected":false},"excerpt":{"rendered":"<p>Vous en avez assez de \u00ab&nbsp;vous prendre la t\u00eate&nbsp;\u00bb, de ruminer, de vous trouver dans un conflit avec une personne de votre entourage, ou de vous sentir en col\u00e8re&nbsp;? Vous souhaitez all\u00e9ger vos soucis,&nbsp;rendre vos relations plus douces, cheminer vers plus de s\u00e9r\u00e9nit\u00e9, avoir une vie plus \u00e9panouissante ? Pour vous soutenir dans cette direction, &hellip;<\/p>\n<p class=\"read-more\"> <a class=\"\" href=\"https:\/\/serendrelavieplusdouce.fr\/?page_id=107\"> <span class=\"screen-reader-text\">Accompagnement<\/span> Lire la suite\u00a0\u00bb<\/a><\/p>\n","protected":false},"author":1,"featured_media":0,"parent":0,"menu_order":3,"comment_status":"closed","ping_status":"closed","template":"","meta":{"site-sidebar-layout":"default","site-content-layout":"default","ast-global-header-display":"","ast-banner-title-visibility":"","ast-main-header-display":"","ast-hfb-above-header-display":"","ast-hfb-below-header-display":"","ast-hfb-mobile-header-display":"","site-post-title":"","ast-breadcrumbs-content":"","ast-featured-img":"","footer-sml-layout":"","theme-transparent-header-meta":"","adv-header-id-meta":"","stick-header-meta":"","header-above-stick-meta":"","header-main-stick-meta":"","header-below-stick-meta":"","footnotes":""},"class_list":["post-107","page","type-page","status-publish","hentry"],"_links":{"self":[{"href":"https:\/\/serendrelavieplusdouce.fr\/index.php?rest_route=\/wp\/v2\/pages\/107","targetHints":{"allow":["GET"]}}],"collection":[{"href":"https:\/\/serendrelavieplusdouce.fr\/index.php?rest_route=\/wp\/v2\/pages"}],"about":[{"href":"https:\/\/serendrelavieplusdouce.fr\/index.php?rest_route=\/wp\/v2\/types\/page"}],"author":[{"embeddable":true,"href":"https:\/\/serendrelavieplusdouce.fr\/index.php?rest_route=\/wp\/v2\/users\/1"}],"replies":[{"embeddable":true,"href":"https:\/\/serendrelavieplusdouce.fr\/index.php?rest_route=%2Fwp%2Fv2%2Fcomments&post=107"}],"version-history":[{"count":66,"href":"https:\/\/serendrelavieplusdouce.fr\/index.php?rest_route=\/wp\/v2\/pages\/107\/revisions"}],"predecessor-version":[{"id":1601,"href":"https:\/\/serendrelavieplusdouce.fr\/index.php?rest_route=\/wp\/v2\/pages\/107\/revisions\/1601"}],"wp:attachment":[{"href":"https:\/\/serendrelavieplusdouce.fr\/index.php?rest_route=%2Fwp%2Fv2%2Fmedia&parent=107"}],"curies":[{"name":"wp","href":"https:\/\/api.w.org\/{rel}","templated":true}]}}